{"id":42,"date":"2026-02-28T12:23:50","date_gmt":"2026-02-28T12:23:50","guid":{"rendered":"https:\/\/www.acheterdiplome-express.org\/?page_id=42"},"modified":"2026-03-12T17:33:15","modified_gmt":"2026-03-12T17:33:15","slug":"contact","status":"publish","type":"page","link":"https:\/\/www.acheterdiplome-express.org\/index.php\/contact\/","title":{"rendered":"Contactez nous d\u00e8s maintenant"},"content":{"rendered":"\n<div id=\"ez-toc-container\" class=\"ez-toc-v2_0_82_2 counter-hierarchy ez-toc-counter ez-toc-grey ez-toc-container-direction\">\n<div class=\"ez-toc-title-container\">\n<p class=\"ez-toc-title\" style=\"cursor:inherit\">Table of Contents<\/p>\n<span class=\"ez-toc-title-toggle\"><a href=\"#\" class=\"ez-toc-pull-right ez-toc-btn ez-toc-btn-xs ez-toc-btn-default ez-toc-toggle\" aria-label=\"Toggle Table of Content\"><span class=\"ez-toc-js-icon-con\"><span class=\"\"><span class=\"eztoc-hide\" style=\"display:none;\">Toggle<\/span><span class=\"ez-toc-icon-toggle-span\"><svg style=\"fill: #999;color:#999\" xmlns=\"http:\/\/www.w3.org\/2000\/svg\" class=\"list-377408\" width=\"20px\" height=\"20px\" viewBox=\"0 0 24 24\" fill=\"none\"><path d=\"M6 6H4v2h2V6zm14 0H8v2h12V6zM4 11h2v2H4v-2zm16 0H8v2h12v-2zM4 16h2v2H4v-2zm16 0H8v2h12v-2z\" fill=\"currentColor\"><\/path><\/svg><svg style=\"fill: #999;color:#999\" class=\"arrow-unsorted-368013\" xmlns=\"http:\/\/www.w3.org\/2000\/svg\" width=\"10px\" height=\"10px\" viewBox=\"0 0 24 24\" version=\"1.2\" baseProfile=\"tiny\"><path d=\"M18.2 9.3l-6.2-6.3-6.2 6.3c-.2.2-.3.4-.3.7s.1.5.3.7c.2.2.4.3.7.3h11c.3 0 .5-.1.7-.3.2-.2.3-.5.3-.7s-.1-.5-.3-.7zM5.8 14.7l6.2 6.3 6.2-6.3c.2-.2.3-.5.3-.7s-.1-.5-.3-.7c-.2-.2-.4-.3-.7-.3h-11c-.3 0-.5.1-.7.3-.2.2-.3.5-.3.7s.1.5.3.7z\"\/><\/svg><\/span><\/span><\/span><\/a><\/span><\/div>\n<nav><ul class='ez-toc-list ez-toc-list-level-1 ' ><li class='ez-toc-page-1 ez-toc-heading-level-2'><a class=\"ez-toc-link ez-toc-heading-1\" href=\"https:\/\/www.acheterdiplome-express.org\/index.php\/contact\/#Contactez_notre_et_beneficiez_de_notre_service_rapide_et_fiable\" >Contactez notre et b\u00e9n\u00e9ficiez de notre service rapide et fiable<\/a><\/li><li class='ez-toc-page-1 ez-toc-heading-level-2'><a class=\"ez-toc-link ez-toc-heading-2\" href=\"https:\/\/www.acheterdiplome-express.org\/index.php\/contact\/#Nous_prenons_compte_de_vos_inquietudes_et_preoccupations\" >Nous prenons compte de vos inqui\u00e9tudes et pr\u00e9occupations<\/a><\/li><li class='ez-toc-page-1 ez-toc-heading-level-2'><a class=\"ez-toc-link ez-toc-heading-3\" href=\"https:\/\/www.acheterdiplome-express.org\/index.php\/contact\/#_Comment_nous_contacter\" >\u00a0Comment nous contacter ?<\/a><\/li><li class='ez-toc-page-1 ez-toc-heading-level-2'><a class=\"ez-toc-link ez-toc-heading-4\" href=\"https:\/\/www.acheterdiplome-express.org\/index.php\/contact\/#Securite_et_confidentialite_de_notre_plateforme\" >S\u00e9curit\u00e9 et confidentialit\u00e9 de notre plateforme<\/a><\/li><li class='ez-toc-page-1 ez-toc-heading-level-2'><a class=\"ez-toc-link ez-toc-heading-5\" href=\"https:\/\/www.acheterdiplome-express.org\/index.php\/contact\/#Nos_autres_methodes_de_communications\" >Nos autres m\u00e9thodes de communications<\/a><\/li><li class='ez-toc-page-1 ez-toc-heading-level-2'><a class=\"ez-toc-link ez-toc-heading-6\" href=\"https:\/\/www.acheterdiplome-express.org\/index.php\/contact\/#Visitez_le_site_pour_comprendre_le_systeme_academique_en_France\" >Visitez le site pour comprendre le syst\u00e8me acad\u00e9mique en France<\/a><\/li><\/ul><\/nav><\/div>\n<h2 class=\"wp-block-heading\"><span class=\"ez-toc-section\" id=\"Contactez_notre_et_beneficiez_de_notre_service_rapide_et_fiable\"><\/span><strong>Contactez notre et b\u00e9n\u00e9ficiez de notre service rapide et <\/strong>fiable<span class=\"ez-toc-section-end\"><\/span><\/h2>\n\n\n\n<p>Vous avez des questions sur nos services, les types de dipl\u00f4mes disponibles ou le processus de commande ?<br>Nous sommes \u00e0 votre \u00e9coute, avec la m\u00eame\u00a0<strong>discr\u00e9tion<\/strong>\u00a0et le m\u00eame\u00a0<strong>professionnalisme<\/strong>\u00a0qui font la r\u00e9putation de notre \u00e9quipe.<br>Chaque demande est trait\u00e9e individuellement, sans interm\u00e9diaire, afin de garantir la\u00a0<strong>confidentialit\u00e9 absolue<\/strong>\u00a0et une r\u00e9ponse claire dans les plus brefs d\u00e9lais.<\/p>\n\n\n\n<figure class=\"wp-block-image size-full is-resized\"><img loading=\"lazy\" decoding=\"async\" width=\"612\" height=\"408\" src=\"https:\/\/www.acheterdiplome-express.org\/wp-content\/uploads\/2026\/03\/istockphoto-2200375326-612x612-1.jpg\" alt=\"Contact\" class=\"wp-image-188\" style=\"width:302px;height:auto\" srcset=\"https:\/\/www.acheterdiplome-express.org\/wp-content\/uploads\/2026\/03\/istockphoto-2200375326-612x612-1.jpg 612w, https:\/\/www.acheterdiplome-express.org\/wp-content\/uploads\/2026\/03\/istockphoto-2200375326-612x612-1-300x200.jpg 300w\" sizes=\"auto, (max-width: 612px) 100vw, 612px\" \/><\/figure>\n\n\n\n<h2 class=\"wp-block-heading\"><span class=\"ez-toc-section\" id=\"Nous_prenons_compte_de_vos_inquietudes_et_preoccupations\"><\/span><strong>Nous prenons compte de vos inqui\u00e9tudes et pr\u00e9occupations <\/strong><span class=\"ez-toc-section-end\"><\/span><\/h2>\n\n\n\n<p>Chez\u00a0<strong>Diplome-express<\/strong>, nous savons que chaque parcours est unique.<br>Certains veulent acheter un\u00a0<strong><a href=\"https:\/\/www.acheterdiplome-express.org\/index.php\/acheter-un-diplome-universitaire-en-ligne\/\" data-type=\"page\" data-id=\"153\">dipl\u00f4me universitaire<\/a><\/strong>\u00a0pour r\u00e9gulariser une situation acad\u00e9mique, d\u2019autres recherchent un\u00a0de <strong><a href=\"https:\/\/www.acheterdiplome-express.org\/index.php\/acheter-un-faux-diplome-du-baccalaureat-en-ligne\/\" data-type=\"page\" data-id=\"140\">Baccalaureat\u00a0<\/a><\/strong>pour compl\u00e9ter un dossier professionnel.<br>Quelle que soit votre situation, nous vous accompagnons avec s\u00e9rieux et dans le plus grand respect.<\/p>\n\n\n\n<p>Notre \u00e9quipe est disponible pour r\u00e9pondre \u00e0 toutes vos questions sur :<\/p>\n\n\n\n<ul class=\"wp-block-list\">\n<li>Les d\u00e9lais et conditions de livraison,<\/li>\n\n\n\n<li>Les options de personnalisation,<\/li>\n\n\n\n<li>Les garanties d\u2019authenticit\u00e9,<\/li>\n\n\n\n<li>Et la s\u00e9curit\u00e9 de vos donn\u00e9es personnelles.<\/li>\n<\/ul>\n\n\n\n<p>Nous privil\u00e9gions toujours une approche humaine :\u00a0<strong>pas de r\u00e9ponses automatiques<\/strong>, mais de v\u00e9ritables \u00e9changes confidentiels et sur mesure car des agents de nos services sont mis \u00e0 disposition <strong>24h\/24<\/strong> pour vous satisfaire et r\u00e9pondre \u00e0 toutes vos questions.<\/p>\n\n\n\n<figure class=\"wp-block-image size-full is-resized\"><img loading=\"lazy\" decoding=\"async\" width=\"612\" height=\"344\" src=\"https:\/\/www.acheterdiplome-express.org\/wp-content\/uploads\/2026\/03\/istockphoto-2207538079-612x612-1.jpg\" alt=\"Contact\" class=\"wp-image-101\" style=\"width:436px;height:auto\" srcset=\"https:\/\/www.acheterdiplome-express.org\/wp-content\/uploads\/2026\/03\/istockphoto-2207538079-612x612-1.jpg 612w, https:\/\/www.acheterdiplome-express.org\/wp-content\/uploads\/2026\/03\/istockphoto-2207538079-612x612-1-300x169.jpg 300w\" sizes=\"auto, (max-width: 612px) 100vw, 612px\" \/><\/figure>\n\n\n\n<div class=\"wp-block-buttons is-layout-flex wp-block-buttons-is-layout-flex\">\n<div class=\"wp-block-button\"><a class=\"wp-block-button__link wp-element-button\" href=\"http:\/\/acheterundiplomes.com\"><strong>Acheter un dipl\u00f4me en ligne<\/strong><\/a><\/div>\n<\/div>\n\n\n\n<h2 class=\"wp-block-heading\"><span class=\"ez-toc-section\" id=\"_Comment_nous_contacter\"><\/span>\u00a0<strong>Comment nous contacter ?<\/strong><span class=\"ez-toc-section-end\"><\/span><\/h2>\n\n\n\n<p>Contactez nous directement par <strong><a href=\"mailto:diplomeexpress@gmail.com\">Adresse e-mail directe<\/a><\/strong><\/p>\n\n\n\n<figure class=\"wp-block-image size-full is-resized\"><img loading=\"lazy\" decoding=\"async\" width=\"612\" height=\"611\" src=\"https:\/\/www.acheterdiplome-express.org\/wp-content\/uploads\/2026\/03\/istockphoto-2234327182-612x612-1.jpg\" alt=\"\" class=\"wp-image-189\" style=\"aspect-ratio:1.00164744645799;width:84px;height:auto\" srcset=\"https:\/\/www.acheterdiplome-express.org\/wp-content\/uploads\/2026\/03\/istockphoto-2234327182-612x612-1.jpg 612w, https:\/\/www.acheterdiplome-express.org\/wp-content\/uploads\/2026\/03\/istockphoto-2234327182-612x612-1-300x300.jpg 300w, https:\/\/www.acheterdiplome-express.org\/wp-content\/uploads\/2026\/03\/istockphoto-2234327182-612x612-1-150x150.jpg 150w\" sizes=\"auto, (max-width: 612px) 100vw, 612px\" \/><\/figure>\n\n\n\n<p><br>Nos conseillers r\u00e9pondent sous 24 heures, g\u00e9n\u00e9ralement dans un d\u00e9lai beaucoup plus court.<br>Chaque message est lu et trait\u00e9 par un membre exp\u00e9riment\u00e9 de notre \u00e9quipe, afin de vous offrir une assistance claire et personnalis\u00e9e.<\/p>\n\n\n\n<p>Vous pouvez \u00e9galement poser vos premi\u00e8res questions sur notre page\u00a0contact\u00a0ou consulter la section\u00a0<strong>FAQ<\/strong>\u00a0pour tout comprendre sur le fonctionnement du service et de l&#8217;achat de dipl\u00f4me en ligne.<\/p>\n\n\n\n<h2 class=\"wp-block-heading\"><span class=\"ez-toc-section\" id=\"Securite_et_confidentialite_de_notre_plateforme\"><\/span>S\u00e9curit\u00e9 et confidentialit\u00e9 de notre plateforme<span class=\"ez-toc-section-end\"><\/span><\/h2>\n\n\n\n<p>Toutes nos communications via notre adresse e-mail, messages priv\u00e9s sont\u00a0<strong>crypt\u00e9es et s\u00e9curis\u00e9es<\/strong>.<br>Aucune information personnelle n\u2019est partag\u00e9e, ni utilis\u00e9e \u00e0 des fins commerciales.<br>Notre priorit\u00e9 est de vous offrir un service fiable, professionnel et\u00a0<strong>100 % confidentiel<\/strong>.<\/p>\n\n\n\n<p>Chaque contact client est enregistr\u00e9 uniquement dans le cadre du suivi de la commande, et supprim\u00e9 apr\u00e8s finalisation.<br>Cette politique s\u2019inscrit dans le respect du&nbsp;<strong>R\u00e8glement G\u00e9n\u00e9ral sur la Protection des Donn\u00e9es (RGPD)<\/strong>, garantissant la s\u00e9curit\u00e9 de vos \u00e9changes.<\/p>\n\n\n\n<h2 class=\"wp-block-heading\"><span class=\"ez-toc-section\" id=\"Nos_autres_methodes_de_communications\"><\/span>Nos autres m\u00e9thodes de communications<span class=\"ez-toc-section-end\"><\/span><\/h2>\n\n\n\n<p>Nous sommes ouverts \u00e0 une communication priv\u00e9e par email mais aussi sur des plateformes comme WhatsApp pour les messages chiffr\u00e9s de bout en bout.<\/p>\n\n\n\n<p>Nos \u00e9quipes travaillent <strong>24h\/24 <\/strong>et <strong>7J\/7<\/strong> pour vous garantir le meilleur des services.<\/p>\n\n\n\n<h2 class=\"wp-block-heading\"><span class=\"ez-toc-section\" id=\"Visitez_le_site_pour_comprendre_le_systeme_academique_en_France\"><\/span>Visitez le site pour comprendre le syst\u00e8me acad\u00e9mique en France<span class=\"ez-toc-section-end\"><\/span><\/h2>\n\n\n\n<div class=\"wp-block-buttons is-layout-flex wp-block-buttons-is-layout-flex\">\n<div class=\"wp-block-button\"><a class=\"wp-block-button__link wp-element-button\" href=\"https:\/\/www.education.gouv.fr\/obtenir-une-copie-de-diplome-11798\"><strong>Cliquez ici<\/strong><\/a><\/div>\n<\/div>\n\n\n\n<p><\/p>\n","protected":false},"excerpt":{"rendered":"<p>Contactez notre et b\u00e9n\u00e9ficiez de notre service rapide et fiable Vous avez des questions sur nos services, les types de [&hellip;]<\/p>\n","protected":false},"author":1,"featured_media":0,"parent":0,"menu_order":0,"comment_status":"closed","ping_status":"closed","template":"","meta":{"site-sidebar-layout":"default","site-content-layout":"","ast-site-content-layout":"default","site-content-style":"default","site-sidebar-style":"default","ast-global-header-display":"","ast-banner-title-visibility":"","ast-main-header-display":"","ast-hfb-above-header-display":"","ast-hfb-below-header-display":"","ast-hfb-mobile-header-display":"","site-post-title":"","ast-breadcrumbs-content":"","ast-featured-img":"","footer-sml-layout":"","ast-disable-related-posts":"","theme-transparent-header-meta":"","adv-header-id-meta":"","stick-header-meta":"","header-above-stick-meta":"","header-main-stick-meta":"","header-below-stick-meta":"","astra-migrate-meta-layouts":"default","ast-page-background-enabled":"default","ast-page-background-meta":{"desktop":{"background-color":"var(--ast-global-color-5)","background-image":"","background-repeat":"repeat","background-position":"center center","background-size":"auto","background-attachment":"scroll","background-type":"","background-media":"","overlay-type":"","overlay-color":"","overlay-opacity":"","overlay-gradient":""},"tablet":{"background-color":"","background-image":"","background-repeat":"repeat","background-position":"center center","background-size":"auto","background-attachment":"scroll","background-type":"","background-media":"","overlay-type":"","overlay-color":"","overlay-opacity":"","overlay-gradient":""},"mobile":{"background-color":"","background-image":"","background-repeat":"repeat","background-position":"center center","background-size":"auto","background-attachment":"scroll","background-type":"","background-media":"","overlay-type":"","overlay-color":"","overlay-opacity":"","overlay-gradient":""}},"ast-content-background-meta":{"desktop":{"background-color":"var(--ast-global-color-4)","background-image":"","background-repeat":"repeat","background-position":"center center","background-size":"auto","background-attachment":"scroll","background-type":"","background-media":"","overlay-type":"","overlay-color":"","overlay-opacity":"","overlay-gradient":""},"tablet":{"background-color":"var(--ast-global-color-4)","background-image":"","background-repeat":"repeat","background-position":"center center","background-size":"auto","background-attachment":"scroll","background-type":"","background-media":"","overlay-type":"","overlay-color":"","overlay-opacity":"","overlay-gradient":""},"mobile":{"background-color":"var(--ast-global-color-4)","background-image":"","background-repeat":"repeat","background-position":"center center","background-size":"auto","background-attachment":"scroll","background-type":"","background-media":"","overlay-type":"","overlay-color":"","overlay-opacity":"","overlay-gradient":""}},"footnotes":""},"class_list":["post-42","page","type-page","status-publish","hentry"],"_links":{"self":[{"href":"https:\/\/www.acheterdiplome-express.org\/index.php\/wp-json\/wp\/v2\/pages\/42","targetHints":{"allow":["GET"]}}],"collection":[{"href":"https:\/\/www.acheterdiplome-express.org\/index.php\/wp-json\/wp\/v2\/pages"}],"about":[{"href":"https:\/\/www.acheterdiplome-express.org\/index.php\/wp-json\/wp\/v2\/types\/page"}],"author":[{"embeddable":true,"href":"https:\/\/www.acheterdiplome-express.org\/index.php\/wp-json\/wp\/v2\/users\/1"}],"replies":[{"embeddable":true,"href":"https:\/\/www.acheterdiplome-express.org\/index.php\/wp-json\/wp\/v2\/comments?post=42"}],"version-history":[{"count":4,"href":"https:\/\/www.acheterdiplome-express.org\/index.php\/wp-json\/wp\/v2\/pages\/42\/revisions"}],"predecessor-version":[{"id":193,"href":"https:\/\/www.acheterdiplome-express.org\/index.php\/wp-json\/wp\/v2\/pages\/42\/revisions\/193"}],"wp:attachment":[{"href":"https:\/\/www.acheterdiplome-express.org\/index.php\/wp-json\/wp\/v2\/media?parent=42"}],"curies":[{"name":"wp","href":"https:\/\/api.w.org\/{rel}","templated":true}]}}