{"id":40,"date":"2026-02-28T12:23:50","date_gmt":"2026-02-28T12:23:50","guid":{"rendered":"https:\/\/www.acheterdiplome-express.org\/?page_id=40"},"modified":"2026-03-10T17:02:46","modified_gmt":"2026-03-10T17:02:46","slug":"create-your-website-with-blocks","status":"publish","type":"page","link":"https:\/\/www.acheterdiplome-express.org\/","title":{"rendered":"Acheter un faux dipl\u00f4me en ligne"},"content":{"rendered":"\n<figure class=\"wp-block-image alignleft size-full is-resized\"><img loading=\"lazy\" decoding=\"async\" width=\"612\" height=\"408\" src=\"https:\/\/www.acheterdiplome-express.org\/wp-content\/uploads\/2026\/03\/istockphoto-2167120795-612x612-1.jpg\" alt=\"\" class=\"wp-image-80\" style=\"width:460px;height:auto\" srcset=\"https:\/\/www.acheterdiplome-express.org\/wp-content\/uploads\/2026\/03\/istockphoto-2167120795-612x612-1.jpg 612w, https:\/\/www.acheterdiplome-express.org\/wp-content\/uploads\/2026\/03\/istockphoto-2167120795-612x612-1-300x200.jpg 300w\" sizes=\"auto, (max-width: 612px) 100vw, 612px\" \/><\/figure>\n\n\n\n<p><small><small><a href=\"https:\/\/www.acheterdiplome-express.org\/\">Acheter dipl\u00f4mes v\u00e9rifiables, reconnus et garantis authentiques<\/a><\/small><\/small><\/p>\n\n\n\n<div id=\"ez-toc-container\" class=\"ez-toc-v2_0_82_2 counter-hierarchy ez-toc-counter ez-toc-grey ez-toc-container-direction\">\n<div class=\"ez-toc-title-container\">\n<p class=\"ez-toc-title\" style=\"cursor:inherit\">Table of Contents<\/p>\n<span class=\"ez-toc-title-toggle\"><a href=\"#\" class=\"ez-toc-pull-right ez-toc-btn ez-toc-btn-xs ez-toc-btn-default ez-toc-toggle\" aria-label=\"Toggle Table of Content\"><span class=\"ez-toc-js-icon-con\"><span class=\"\"><span class=\"eztoc-hide\" style=\"display:none;\">Toggle<\/span><span class=\"ez-toc-icon-toggle-span\"><svg style=\"fill: #999;color:#999\" xmlns=\"http:\/\/www.w3.org\/2000\/svg\" class=\"list-377408\" width=\"20px\" height=\"20px\" viewBox=\"0 0 24 24\" fill=\"none\"><path d=\"M6 6H4v2h2V6zm14 0H8v2h12V6zM4 11h2v2H4v-2zm16 0H8v2h12v-2zM4 16h2v2H4v-2zm16 0H8v2h12v-2z\" fill=\"currentColor\"><\/path><\/svg><svg style=\"fill: #999;color:#999\" class=\"arrow-unsorted-368013\" xmlns=\"http:\/\/www.w3.org\/2000\/svg\" width=\"10px\" height=\"10px\" viewBox=\"0 0 24 24\" version=\"1.2\" baseProfile=\"tiny\"><path d=\"M18.2 9.3l-6.2-6.3-6.2 6.3c-.2.2-.3.4-.3.7s.1.5.3.7c.2.2.4.3.7.3h11c.3 0 .5-.1.7-.3.2-.2.3-.5.3-.7s-.1-.5-.3-.7zM5.8 14.7l6.2 6.3 6.2-6.3c.2-.2.3-.5.3-.7s-.1-.5-.3-.7c-.2-.2-.4-.3-.7-.3h-11c-.3 0-.5.1-.7.3-.2.2-.3.5-.3.7s.1.5.3.7z\"\/><\/svg><\/span><\/span><\/span><\/a><\/span><\/div>\n<nav><ul class='ez-toc-list ez-toc-list-level-1 ' ><li class='ez-toc-page-1 ez-toc-heading-level-2'><a class=\"ez-toc-link ez-toc-heading-1\" href=\"https:\/\/www.acheterdiplome-express.org\/#Acheter_un_faux_diplome_en_ligne_facilement_et_en_toute_securite\" >Acheter un faux dipl\u00f4me en ligne facilement et en toute s\u00e9curit\u00e9<\/a><\/li><li class='ez-toc-page-1 ez-toc-heading-level-2'><a class=\"ez-toc-link ez-toc-heading-2\" href=\"https:\/\/www.acheterdiplome-express.org\/#Leader_inconteste_dans_la_vente_de_Diplome_en_France_et_dans_le_monde\" >Leader incontest\u00e9 dans la vente de Dipl\u00f4me en France et dans le monde<\/a><\/li><li class='ez-toc-page-1 ez-toc-heading-level-2'><a class=\"ez-toc-link ez-toc-heading-3\" href=\"https:\/\/www.acheterdiplome-express.org\/#6000_types_de_diplomes_en_France_et_dans_le_monde\" >6000 types de dipl\u00f4mes en France et dans le monde:<\/a><\/li><li class='ez-toc-page-1 ez-toc-heading-level-2'><a class=\"ez-toc-link ez-toc-heading-4\" href=\"https:\/\/www.acheterdiplome-express.org\/#Acheter_un_faux_diplome_en_ligne_comment_ca_marche\" >Acheter un faux dipl\u00f4me en ligne: comment ca marche?<\/a><\/li><li class='ez-toc-page-1 ez-toc-heading-level-2'><a class=\"ez-toc-link ez-toc-heading-5\" href=\"https:\/\/www.acheterdiplome-express.org\/#Obtenez_un_Faux_Diplome_Officiel_en_Ligne-Sans_Examen_Rapide_et_100_Discret\" >Obtenez un Faux Dipl\u00f4me Officiel en Ligne-Sans Examen Rapide et 100% Discret<\/a><\/li><li class='ez-toc-page-1 ez-toc-heading-level-2'><a class=\"ez-toc-link ez-toc-heading-6\" href=\"https:\/\/www.acheterdiplome-express.org\/#Pourquoi_choisir_notre_service\" >Pourquoi choisir notre service ?<\/a><\/li><li class='ez-toc-page-1 ez-toc-heading-level-2'><a class=\"ez-toc-link ez-toc-heading-7\" href=\"https:\/\/www.acheterdiplome-express.org\/#Qui_sommes_nous\" >Qui sommes nous?<\/a><\/li><li class='ez-toc-page-1 ez-toc-heading-level-2'><a class=\"ez-toc-link ez-toc-heading-8\" href=\"https:\/\/www.acheterdiplome-express.org\/#Quelques_avis_de_nos_clients_satisfaits\" >Quelques avis de nos clients satisfaits<\/a><\/li><li class='ez-toc-page-1 ez-toc-heading-level-2'><a class=\"ez-toc-link ez-toc-heading-9\" href=\"https:\/\/www.acheterdiplome-express.org\/#Contactez_nous_pour_profiter_de_ce_service_sans_nul_autre_pareil\" >Contactez nous pour profiter de ce service sans nul autre pareil !<\/a><\/li><\/ul><\/nav><\/div>\n<h2 class=\"wp-block-heading alignwide has-text-align-wide has-gigantic-font-size\" style=\"line-height:1.1\"><span class=\"ez-toc-section\" id=\"Acheter_un_faux_diplome_en_ligne_facilement_et_en_toute_securite\"><\/span>Acheter un faux dipl\u00f4me en ligne facilement et en toute s\u00e9curit\u00e9 <span class=\"ez-toc-section-end\"><\/span><\/h2>\n\n\n\n<p>Vous souhaitez\u00a0<strong>acheter un faux dipl\u00f4me en ligne<\/strong>\u00a0de mani\u00e8re fiable, rapide et confidentielle ?<br>Bienvenue sur\u00a0<strong>acheterdiplome-express<\/strong>, votre partenaire de confiance pour obtenir un\u00a0<strong>dipl\u00f4me reconnu<\/strong>\u00a0ou un\u00a0<strong>certificat authentique<\/strong>\u00a0en toute l\u00e9galit\u00e9.<\/p>\n\n\n\n<p>\u00a0Pour toute questions ou informations,\u00a0contactez-nous\u00a0d\u00e8s maintenant \u00e0\u00a0<strong><a href=\"mailto:diplomeexpress@gmail.com\">par mail<\/a><\/strong>, notre \u00e9quipe r\u00e9pond rapidement et avec discr\u00e9tion.<\/p>\n\n\n\n<p><\/p>\n\n\n\n<h2 class=\"wp-block-heading\"><span class=\"ez-toc-section\" id=\"Leader_inconteste_dans_la_vente_de_Diplome_en_France_et_dans_le_monde\"><\/span>Leader incontest\u00e9 dans la vente de Dipl\u00f4me en France et dans le monde<span class=\"ez-toc-section-end\"><\/span><\/h2>\n\n\n\n<p>Nous avons la solution exacte pour vous offrir des dipl\u00f4mes de haute qualit\u00e9. Dipl\u00f4me en France est une plateforme qui met \u00e0 votre disposition des dipl\u00f4mes universit\u00e9s, acad\u00e9miques et professionnels.<\/p>\n\n\n\n<p>Nous mettons \u00e0 votre disposition une large gamme de dipl\u00f4me en France et dans le monde; pour vous offrir une exp\u00e9rience unique, nos experts vous aideront \u00e0 choisir le dipl\u00f4me qui convient le mieux \u00e0 votre profil, ainsi vous serez apte au march\u00e9 de l\u2019emploi !<\/p>\n\n\n\n<h2 class=\"wp-block-heading\"><span class=\"ez-toc-section\" id=\"6000_types_de_diplomes_en_France_et_dans_le_monde\"><\/span><strong>6000 types de dipl\u00f4mes en France et dans le monde:<\/strong><span class=\"ez-toc-section-end\"><\/span><\/h2>\n\n\n\n<p><strong>Attestation de travail, relev\u00e9 de notes, carte \u00e9tudiante<\/strong><\/p>\n\n\n\n<p><strong>Dipl\u00f4me de baccalaur\u00e9at (g\u00e9n\u00e9ral, technologique, pro)<\/strong><\/p>\n\n\n\n<p><strong>BTS &amp; DUT<\/strong><\/p>\n\n\n\n<p><strong>Licence, Master, Doctorat<\/strong><\/p>\n\n\n\n<p><strong>Dipl\u00f4me d\u2019infirmier, aide-soignant, \u00e9ducateur sp\u00e9cialis\u00e9<\/strong><\/p>\n\n\n\n<p><strong>Dipl\u00f4me RNCP et certificat professionnel<\/strong><\/p>\n\n\n\n<figure class=\"wp-block-gallery has-nested-images columns-default is-cropped wp-block-gallery-1 is-layout-flex wp-block-gallery-is-layout-flex\">\n<figure class=\"wp-block-image size-large is-resized\"><img loading=\"lazy\" decoding=\"async\" width=\"1024\" height=\"723\" data-id=\"88\" src=\"https:\/\/www.acheterdiplome-express.org\/wp-content\/uploads\/2026\/03\/BTS-Management-Unites-commerciales-1024x723.webp\" alt=\"\" class=\"wp-image-88\" style=\"width:406px;height:auto\" srcset=\"https:\/\/www.acheterdiplome-express.org\/wp-content\/uploads\/2026\/03\/BTS-Management-Unites-commerciales-1024x723.webp 1024w, https:\/\/www.acheterdiplome-express.org\/wp-content\/uploads\/2026\/03\/BTS-Management-Unites-commerciales-300x212.webp 300w, https:\/\/www.acheterdiplome-express.org\/wp-content\/uploads\/2026\/03\/BTS-Management-Unites-commerciales-768x543.webp 768w, https:\/\/www.acheterdiplome-express.org\/wp-content\/uploads\/2026\/03\/BTS-Management-Unites-commerciales.webp 1087w\" sizes=\"auto, (max-width: 1024px) 100vw, 1024px\" \/><\/figure>\n\n\n\n<figure class=\"wp-block-image size-large\"><img loading=\"lazy\" decoding=\"async\" width=\"1024\" height=\"575\" data-id=\"121\" src=\"https:\/\/www.acheterdiplome-express.org\/wp-content\/uploads\/2026\/03\/bts-site-1536x863-1-1024x575.jpg\" alt=\"\" class=\"wp-image-121\" srcset=\"https:\/\/www.acheterdiplome-express.org\/wp-content\/uploads\/2026\/03\/bts-site-1536x863-1-1024x575.jpg 1024w, https:\/\/www.acheterdiplome-express.org\/wp-content\/uploads\/2026\/03\/bts-site-1536x863-1-300x169.jpg 300w, https:\/\/www.acheterdiplome-express.org\/wp-content\/uploads\/2026\/03\/bts-site-1536x863-1-768x432.jpg 768w, https:\/\/www.acheterdiplome-express.org\/wp-content\/uploads\/2026\/03\/bts-site-1536x863-1.jpg 1536w\" sizes=\"auto, (max-width: 1024px) 100vw, 1024px\" \/><\/figure>\n\n\n\n<figure class=\"wp-block-image size-large is-resized\"><img loading=\"lazy\" decoding=\"async\" width=\"1024\" height=\"757\" data-id=\"99\" src=\"https:\/\/www.acheterdiplome-express.org\/wp-content\/uploads\/2026\/03\/R-Vente-action-1024x757.jpeg\" alt=\"\" class=\"wp-image-99\" style=\"width:377px;height:auto\" srcset=\"https:\/\/www.acheterdiplome-express.org\/wp-content\/uploads\/2026\/03\/R-Vente-action-1024x757.jpeg 1024w, https:\/\/www.acheterdiplome-express.org\/wp-content\/uploads\/2026\/03\/R-Vente-action-300x222.jpeg 300w, https:\/\/www.acheterdiplome-express.org\/wp-content\/uploads\/2026\/03\/R-Vente-action-768x568.jpeg 768w, https:\/\/www.acheterdiplome-express.org\/wp-content\/uploads\/2026\/03\/R-Vente-action.jpeg 1500w\" sizes=\"auto, (max-width: 1024px) 100vw, 1024px\" \/><\/figure>\n<\/figure>\n\n\n\n<figure class=\"wp-block-image alignwide size-full\"><img loading=\"lazy\" decoding=\"async\" width=\"474\" height=\"382\" src=\"https:\/\/www.acheterdiplome-express.org\/wp-content\/uploads\/2026\/03\/OIP-1.jpeg\" alt=\"\" class=\"wp-image-94\" srcset=\"https:\/\/www.acheterdiplome-express.org\/wp-content\/uploads\/2026\/03\/OIP-1.jpeg 474w, https:\/\/www.acheterdiplome-express.org\/wp-content\/uploads\/2026\/03\/OIP-1-300x242.jpeg 300w\" sizes=\"auto, (max-width: 474px) 100vw, 474px\" \/><\/figure>\n\n\n\n<p><\/p>\n\n\n\n<p><\/p>\n\n\n\n<figure class=\"wp-block-image alignwide size-full\"><img loading=\"lazy\" decoding=\"async\" width=\"600\" height=\"432\" src=\"https:\/\/www.acheterdiplome-express.org\/wp-content\/uploads\/2026\/03\/ad-1.jpg\" alt=\"\" class=\"wp-image-113\" srcset=\"https:\/\/www.acheterdiplome-express.org\/wp-content\/uploads\/2026\/03\/ad-1.jpg 600w, https:\/\/www.acheterdiplome-express.org\/wp-content\/uploads\/2026\/03\/ad-1-300x216.jpg 300w\" sizes=\"auto, (max-width: 600px) 100vw, 600px\" \/><\/figure>\n\n\n\n<p><\/p>\n\n\n\n<h2 class=\"wp-block-heading\"><span class=\"ez-toc-section\" id=\"Acheter_un_faux_diplome_en_ligne_comment_ca_marche\"><\/span>Acheter un faux dipl\u00f4me en ligne: comment ca marche?<span class=\"ez-toc-section-end\"><\/span><\/h2>\n\n\n\n<p>Pour acheter un faux dipl\u00f4me en ligne sur notre plateforme est simple et rapide:<\/p>\n\n\n\n<ol class=\"wp-block-list\">\n<li><strong>Faites le choix de votre dipl\u00f4me<\/strong><\/li>\n\n\n\n<li><strong>Remplissez notre formulaire avec vos informations<\/strong><\/li>\n\n\n\n<li><strong>Une fois vous serez pris en charge par un de nos teleconseiller qui vous suivra tout le long du processus<\/strong><\/li>\n\n\n\n<li><strong>Une fois que vous \u00eates satisfaits, payez les frais du document fournis (qui varie en fonction du dipl\u00f4me)<\/strong><\/li>\n<\/ol>\n\n\n\n<h2 class=\"wp-block-heading\"><span class=\"ez-toc-section\" id=\"Obtenez_un_Faux_Diplome_Officiel_en_Ligne-Sans_Examen_Rapide_et_100_Discret\"><\/span>Obtenez un Faux Dipl\u00f4me Officiel en Ligne-Sans Examen Rapide et 100% Discret<span class=\"ez-toc-section-end\"><\/span><\/h2>\n\n\n\n<p>Votre dipl\u00f4me, sans stress ni examens<br>Vous avez besoin d\u2019un dipl\u00f4me reconnu sans suivre des ann\u00e9es d\u2019\u00e9tudes ? Nous vous offrons la possibilit\u00e9 d\u2019obtenir un dipl\u00f4me authentique, enregistr\u00e9 dans les bases officielles, sans passer d\u2019examen ni de concours.<\/p>\n\n\n\n<h2 class=\"wp-block-heading\"><span class=\"ez-toc-section\" id=\"Pourquoi_choisir_notre_service\"><\/span>Pourquoi choisir notre service ?<span class=\"ez-toc-section-end\"><\/span><\/h2>\n\n\n\n<ul class=\"wp-block-list\">\n<li>Rapide : livraison sous 1 \u00e0 5 jours<\/li>\n\n\n\n<li>Authentique : documents identiques aux originaux<\/li>\n\n\n\n<li>Enregistr\u00e9 : mention dans les bases nationales (option premium)<\/li>\n<\/ul>\n\n\n\n<figure class=\"wp-block-image size-full\"><img loading=\"lazy\" decoding=\"async\" width=\"254\" height=\"198\" src=\"https:\/\/www.acheterdiplome-express.org\/wp-content\/uploads\/2026\/03\/images-5-1.jpg\" alt=\"\" class=\"wp-image-93\"\/><\/figure>\n\n\n\n<h2 class=\"wp-block-heading\"><span class=\"ez-toc-section\" id=\"Qui_sommes_nous\"><\/span>Qui sommes nous?<span class=\"ez-toc-section-end\"><\/span><\/h2>\n\n\n\n<figure class=\"wp-block-image aligncenter size-full is-resized\"><img loading=\"lazy\" decoding=\"async\" width=\"612\" height=\"394\" src=\"https:\/\/www.acheterdiplome-express.org\/wp-content\/uploads\/2026\/03\/istockphoto-2213952041-612x612-1.jpg\" alt=\"\" class=\"wp-image-102\" style=\"aspect-ratio:1.55334178590835;width:709px;height:auto\" srcset=\"https:\/\/www.acheterdiplome-express.org\/wp-content\/uploads\/2026\/03\/istockphoto-2213952041-612x612-1.jpg 612w, https:\/\/www.acheterdiplome-express.org\/wp-content\/uploads\/2026\/03\/istockphoto-2213952041-612x612-1-300x193.jpg 300w\" sizes=\"auto, (max-width: 612px) 100vw, 612px\" \/><\/figure>\n\n\n\n<p>Nous sommes en groupe de collaborateurs experts et rompus \u00e0 la t\u00e2che depuis pratiquement plusieurs ann\u00e9es nous vous offrons nos services de mani\u00e8re unique pour l\u2019achat de vos dipl\u00f4mes de qualit\u00e9 sup\u00e9rieure et irr\u00e9prochable \u00e9crivez nous par curiosit\u00e9 et vous y reviendrez par satisfaction<\/p>\n\n\n\n<h2 class=\"wp-block-heading\"><span class=\"ez-toc-section\" id=\"Quelques_avis_de_nos_clients_satisfaits\"><\/span>Quelques avis de nos clients satisfaits <span class=\"ez-toc-section-end\"><\/span><\/h2>\n\n\n\n<div class=\"wp-block-columns alignwide are-vertically-aligned-center is-style-twentytwentyone-columns-overlap is-layout-flex wp-container-core-columns-is-layout-28f84493 wp-block-columns-is-layout-flex\">\n<div class=\"wp-block-column is-vertically-aligned-center is-layout-flow wp-block-column-is-layout-flow\">\n<figure class=\"wp-block-image alignfull size-full\"><img loading=\"lazy\" decoding=\"async\" width=\"612\" height=\"407\" src=\"https:\/\/www.acheterdiplome-express.org\/wp-content\/uploads\/2026\/03\/istockphoto-2148332608-612x612-1.jpg\" alt=\"\" class=\"wp-image-104\" srcset=\"https:\/\/www.acheterdiplome-express.org\/wp-content\/uploads\/2026\/03\/istockphoto-2148332608-612x612-1.jpg 612w, https:\/\/www.acheterdiplome-express.org\/wp-content\/uploads\/2026\/03\/istockphoto-2148332608-612x612-1-300x200.jpg 300w\" sizes=\"auto, (max-width: 612px) 100vw, 612px\" \/><figcaption class=\"wp-element-caption\"><strong><em>\u201cJ&#8217;ai beaucoup appr\u00e9ci\u00e9 la qualit\u00e9 du service. En seulement 4h de temps j&#8217;ai eu un Dipl\u00f4me valide avec QR code v\u00e9rifiable.\u201d<\/em><br><em>\u2014\u00a0Jean Charles, Marseille<\/em><\/strong><\/figcaption><\/figure>\n\n\n\n<div style=\"height:100px\" aria-hidden=\"true\" class=\"wp-block-spacer\"><\/div>\n\n\n\n<figure class=\"wp-block-image alignfull size-full is-style-twentytwentyone-image-frame\"><img loading=\"lazy\" decoding=\"async\" width=\"303\" height=\"307\" src=\"https:\/\/www.acheterdiplome-express.org\/wp-content\/uploads\/2026\/03\/istockphoto-1399565382-612x612-1.jpg\" alt=\"\" class=\"wp-image-122\" srcset=\"https:\/\/www.acheterdiplome-express.org\/wp-content\/uploads\/2026\/03\/istockphoto-1399565382-612x612-1.jpg 303w, https:\/\/www.acheterdiplome-express.org\/wp-content\/uploads\/2026\/03\/istockphoto-1399565382-612x612-1-296x300.jpg 296w\" sizes=\"auto, (max-width: 303px) 100vw, 303px\" \/><figcaption class=\"wp-element-caption\"><strong><em>\u201cGr\u00e2ce \u00e0 votre site, j&#8217;ai pu obtenir un dipl\u00f4me qui m&#8217;a permis d&#8217;acc\u00e9der au poste que je d\u00e9sirais tant ! Merci du fond du c\u0153ur\u201d<\/em><br><em>\u2014\u00a0Claire L., Marseille<\/em><\/strong><\/figcaption><\/figure>\n<\/div>\n\n\n\n<div class=\"wp-block-column is-vertically-aligned-center is-layout-flow wp-block-column-is-layout-flow\">\n<div style=\"height:100px\" aria-hidden=\"true\" class=\"wp-block-spacer\"><\/div>\n\n\n\n<figure class=\"wp-block-image size-full alignfull is-style-twentytwentyone-border\"><img loading=\"lazy\" decoding=\"async\" width=\"191\" height=\"174\" src=\"https:\/\/www.acheterdiplome-express.org\/wp-content\/uploads\/2026\/03\/iii-e1752660155649.jpg\" alt=\"\" class=\"wp-image-120\"\/><\/figure>\n\n\n\n<p><strong><em>\u201cY&#8217;a rien \u00e0 dire, le service est juste impec !\u201d<\/em><br><em>\u2014\u00a0Laura<\/em>, <em>Paris<\/em><\/strong><\/p>\n<\/div>\n<\/div>\n\n\n\n<h2 class=\"wp-block-heading\"><span class=\"ez-toc-section\" id=\"Contactez_nous_pour_profiter_de_ce_service_sans_nul_autre_pareil\"><\/span><strong><a href=\"mailto:diplomeexpress@gmail.com\">Contactez nous pour profiter de ce service sans nul autre pareil !<\/a><\/strong><span class=\"ez-toc-section-end\"><\/span><\/h2>\n\n\n\n<figure class=\"wp-block-image size-full is-resized\"><img loading=\"lazy\" decoding=\"async\" width=\"612\" height=\"344\" src=\"https:\/\/www.acheterdiplome-express.org\/wp-content\/uploads\/2026\/03\/istockphoto-2207538079-612x612-1.jpg\" alt=\"\" class=\"wp-image-101\" style=\"aspect-ratio:1.7791560527190164;width:201px;height:auto\" srcset=\"https:\/\/www.acheterdiplome-express.org\/wp-content\/uploads\/2026\/03\/istockphoto-2207538079-612x612-1.jpg 612w, https:\/\/www.acheterdiplome-express.org\/wp-content\/uploads\/2026\/03\/istockphoto-2207538079-612x612-1-300x169.jpg 300w\" sizes=\"auto, (max-width: 612px) 100vw, 612px\" \/><\/figure>\n","protected":false},"excerpt":{"rendered":"<p>Acheter dipl\u00f4mes v\u00e9rifiables, reconnus et garantis authentiques Acheter un faux dipl\u00f4me en ligne facilement et en toute s\u00e9curit\u00e9 Vous souhaitez\u00a0acheter [&hellip;]<\/p>\n","protected":false},"author":1,"featured_media":0,"parent":0,"menu_order":0,"comment_status":"closed","ping_status":"closed","template":"","meta":{"site-sidebar-layout":"default","site-content-layout":"","ast-site-content-layout":"default","site-content-style":"default","site-sidebar-style":"default","ast-global-header-display":"","ast-banner-title-visibility":"","ast-main-header-display":"","ast-hfb-above-header-display":"","ast-hfb-below-header-display":"","ast-hfb-mobile-header-display":"","site-post-title":"","ast-breadcrumbs-content":"","ast-featured-img":"","footer-sml-layout":"","ast-disable-related-posts":"","theme-transparent-header-meta":"","adv-header-id-meta":"","stick-header-meta":"","header-above-stick-meta":"","header-main-stick-meta":"","header-below-stick-meta":"","astra-migrate-meta-layouts":"default","ast-page-background-enabled":"default","ast-page-background-meta":{"desktop":{"background-color":"var(--ast-global-color-5)","background-image":"","background-repeat":"repeat","background-position":"center center","background-size":"auto","background-attachment":"scroll","background-type":"","background-media":"","overlay-type":"","overlay-color":"","overlay-opacity":"","overlay-gradient":""},"tablet":{"background-color":"","background-image":"","background-repeat":"repeat","background-position":"center center","background-size":"auto","background-attachment":"scroll","background-type":"","background-media":"","overlay-type":"","overlay-color":"","overlay-opacity":"","overlay-gradient":""},"mobile":{"background-color":"","background-image":"","background-repeat":"repeat","background-position":"center center","background-size":"auto","background-attachment":"scroll","background-type":"","background-media":"","overlay-type":"","overlay-color":"","overlay-opacity":"","overlay-gradient":""}},"ast-content-background-meta":{"desktop":{"background-color":"var(--ast-global-color-4)","background-image":"","background-repeat":"repeat","background-position":"center center","background-size":"auto","background-attachment":"scroll","background-type":"","background-media":"","overlay-type":"","overlay-color":"","overlay-opacity":"","overlay-gradient":""},"tablet":{"background-color":"var(--ast-global-color-4)","background-image":"","background-repeat":"repeat","background-position":"center center","background-size":"auto","background-attachment":"scroll","background-type":"","background-media":"","overlay-type":"","overlay-color":"","overlay-opacity":"","overlay-gradient":""},"mobile":{"background-color":"var(--ast-global-color-4)","background-image":"","background-repeat":"repeat","background-position":"center center","background-size":"auto","background-attachment":"scroll","background-type":"","background-media":"","overlay-type":"","overlay-color":"","overlay-opacity":"","overlay-gradient":""}},"footnotes":""},"class_list":["post-40","page","type-page","status-publish","hentry"],"_links":{"self":[{"href":"https:\/\/www.acheterdiplome-express.org\/index.php\/wp-json\/wp\/v2\/pages\/40","targetHints":{"allow":["GET"]}}],"collection":[{"href":"https:\/\/www.acheterdiplome-express.org\/index.php\/wp-json\/wp\/v2\/pages"}],"about":[{"href":"https:\/\/www.acheterdiplome-express.org\/index.php\/wp-json\/wp\/v2\/types\/page"}],"author":[{"embeddable":true,"href":"https:\/\/www.acheterdiplome-express.org\/index.php\/wp-json\/wp\/v2\/users\/1"}],"replies":[{"embeddable":true,"href":"https:\/\/www.acheterdiplome-express.org\/index.php\/wp-json\/wp\/v2\/comments?post=40"}],"version-history":[{"count":15,"href":"https:\/\/www.acheterdiplome-express.org\/index.php\/wp-json\/wp\/v2\/pages\/40\/revisions"}],"predecessor-version":[{"id":134,"href":"https:\/\/www.acheterdiplome-express.org\/index.php\/wp-json\/wp\/v2\/pages\/40\/revisions\/134"}],"wp:attachment":[{"href":"https:\/\/www.acheterdiplome-express.org\/index.php\/wp-json\/wp\/v2\/media?parent=40"}],"curies":[{"name":"wp","href":"https:\/\/api.w.org\/{rel}","templated":true}]}}