{"id":235,"date":"2026-03-14T23:12:54","date_gmt":"2026-03-14T23:12:54","guid":{"rendered":"https:\/\/www.acheterdiplome-express.org\/?page_id=235"},"modified":"2026-03-14T23:12:55","modified_gmt":"2026-03-14T23:12:55","slug":"acheter-un-faux-diplome-francais-sur-internet","status":"publish","type":"page","link":"https:\/\/www.acheterdiplome-express.org\/index.php\/acheter-un-faux-diplome-francais-sur-internet\/","title":{"rendered":"Acheter un faux dipl\u00f4me Fran\u00e7ais sur internet"},"content":{"rendered":"\n<figure class=\"wp-block-image size-full is-resized\"><img loading=\"lazy\" decoding=\"async\" width=\"612\" height=\"501\" src=\"https:\/\/www.acheterdiplome-express.org\/wp-content\/uploads\/2026\/03\/istockphoto-1254848017-612x612-1.jpg\" alt=\"Acheter un faux dipl\u00f4me Fran\u00e7ais sur internet\" class=\"wp-image-143\" style=\"width:539px;height:auto\" srcset=\"https:\/\/www.acheterdiplome-express.org\/wp-content\/uploads\/2026\/03\/istockphoto-1254848017-612x612-1.jpg 612w, https:\/\/www.acheterdiplome-express.org\/wp-content\/uploads\/2026\/03\/istockphoto-1254848017-612x612-1-300x246.jpg 300w\" sizes=\"auto, (max-width: 612px) 100vw, 612px\" \/><\/figure>\n\n\n\n<p>Acheter un faux dipl\u00f4me Fran\u00e7ais sur internet est une question r\u00e9solue gr\u00e2ce \u00e0 notre plateforme nous mettons \u00e0 votre disposition des dipl\u00f4mes d\u2019universit\u00e9 et aussi des dipl\u00f4mes des acad\u00e9mies.<\/p>\n\n\n\n<p>Si vous voulez un dipl\u00f4me professionnel ou des grandes \u00e9coles c\u2019est aussi disponible nous vous offrons toute une large gamme de produits concernant la documentation estudiantile qui vous permettra d\u2019\u00eatre cr\u00e9dible aupr\u00e8s des employeurs<\/p>\n\n\n\n<p>D\u2019apr\u00e8s les statistiques digne de foi Nos dipl\u00f4mes sont en circulation dans des universit\u00e9s dans des services publics et priv\u00e9s bref dans plusieurs structures ou besoins se font ressentir<\/p>\n\n\n\n<p>Achetez un dipl\u00f4me chez nous vous garantit un emploi et des replus cr\u00e9dibles dans le march\u00e9 de l\u2019emploi.<\/p>\n\n\n\n<figure class=\"wp-block-gallery has-nested-images columns-default is-cropped wp-block-gallery-1 is-layout-flex wp-block-gallery-is-layout-flex\">\n<figure class=\"wp-block-image size-large is-resized\"><img loading=\"lazy\" decoding=\"async\" width=\"1024\" height=\"705\" data-id=\"236\" src=\"https:\/\/www.acheterdiplome-express.org\/wp-content\/uploads\/2026\/03\/R-1-1024x705-1.jpeg\" alt=\"\" class=\"wp-image-236\" style=\"width:519px;height:auto\" srcset=\"https:\/\/www.acheterdiplome-express.org\/wp-content\/uploads\/2026\/03\/R-1-1024x705-1.jpeg 1024w, https:\/\/www.acheterdiplome-express.org\/wp-content\/uploads\/2026\/03\/R-1-1024x705-1-300x207.jpeg 300w, https:\/\/www.acheterdiplome-express.org\/wp-content\/uploads\/2026\/03\/R-1-1024x705-1-768x529.jpeg 768w\" sizes=\"auto, (max-width: 1024px) 100vw, 1024px\" \/><\/figure>\n\n\n\n<figure class=\"wp-block-image size-large is-resized\"><img loading=\"lazy\" decoding=\"async\" width=\"612\" height=\"408\" data-id=\"146\" src=\"https:\/\/www.acheterdiplome-express.org\/wp-content\/uploads\/2026\/03\/istockphoto-1217544221-612x612-1.jpg\" alt=\"Acheter un faux dipl\u00f4me du Baccalaur\u00e9at en ligne\" class=\"wp-image-146\" style=\"width:521px;height:auto\" srcset=\"https:\/\/www.acheterdiplome-express.org\/wp-content\/uploads\/2026\/03\/istockphoto-1217544221-612x612-1.jpg 612w, https:\/\/www.acheterdiplome-express.org\/wp-content\/uploads\/2026\/03\/istockphoto-1217544221-612x612-1-300x200.jpg 300w\" sizes=\"auto, (max-width: 612px) 100vw, 612px\" \/><\/figure>\n<\/figure>\n\n\n\n<figure class=\"wp-block-gallery has-nested-images columns-default is-cropped wp-block-gallery-2 is-layout-flex wp-block-gallery-is-layout-flex\">\n<figure class=\"wp-block-image size-large is-resized\"><img loading=\"lazy\" decoding=\"async\" width=\"900\" height=\"900\" data-id=\"79\" src=\"https:\/\/www.acheterdiplome-express.org\/wp-content\/uploads\/2026\/03\/frenchdiploma-shop-1-1.jpg\" alt=\"\" class=\"wp-image-79\" style=\"width:513px;height:auto\" srcset=\"https:\/\/www.acheterdiplome-express.org\/wp-content\/uploads\/2026\/03\/frenchdiploma-shop-1-1.jpg 900w, https:\/\/www.acheterdiplome-express.org\/wp-content\/uploads\/2026\/03\/frenchdiploma-shop-1-1-300x300.jpg 300w, https:\/\/www.acheterdiplome-express.org\/wp-content\/uploads\/2026\/03\/frenchdiploma-shop-1-1-150x150.jpg 150w, https:\/\/www.acheterdiplome-express.org\/wp-content\/uploads\/2026\/03\/frenchdiploma-shop-1-1-768x768.jpg 768w\" sizes=\"auto, (max-width: 900px) 100vw, 900px\" \/><\/figure>\n\n\n\n<figure class=\"wp-block-image size-large is-resized\"><img loading=\"lazy\" decoding=\"async\" width=\"600\" height=\"432\" data-id=\"113\" src=\"https:\/\/www.acheterdiplome-express.org\/wp-content\/uploads\/2026\/03\/ad-1.jpg\" alt=\"\" class=\"wp-image-113\" style=\"width:468px;height:auto\" srcset=\"https:\/\/www.acheterdiplome-express.org\/wp-content\/uploads\/2026\/03\/ad-1.jpg 600w, https:\/\/www.acheterdiplome-express.org\/wp-content\/uploads\/2026\/03\/ad-1-300x216.jpg 300w\" sizes=\"auto, (max-width: 600px) 100vw, 600px\" \/><\/figure>\n<\/figure>\n\n\n\n<p><\/p>\n\n\n\n<div id=\"ez-toc-container\" class=\"ez-toc-v2_0_82_2 counter-hierarchy ez-toc-counter ez-toc-grey ez-toc-container-direction\">\n<div class=\"ez-toc-title-container\">\n<p class=\"ez-toc-title\" style=\"cursor:inherit\">Table of Contents<\/p>\n<span class=\"ez-toc-title-toggle\"><a href=\"#\" class=\"ez-toc-pull-right ez-toc-btn ez-toc-btn-xs ez-toc-btn-default ez-toc-toggle\" aria-label=\"Toggle Table of Content\"><span class=\"ez-toc-js-icon-con\"><span class=\"\"><span class=\"eztoc-hide\" style=\"display:none;\">Toggle<\/span><span class=\"ez-toc-icon-toggle-span\"><svg style=\"fill: #999;color:#999\" xmlns=\"http:\/\/www.w3.org\/2000\/svg\" class=\"list-377408\" width=\"20px\" height=\"20px\" viewBox=\"0 0 24 24\" fill=\"none\"><path d=\"M6 6H4v2h2V6zm14 0H8v2h12V6zM4 11h2v2H4v-2zm16 0H8v2h12v-2zM4 16h2v2H4v-2zm16 0H8v2h12v-2z\" fill=\"currentColor\"><\/path><\/svg><svg style=\"fill: #999;color:#999\" class=\"arrow-unsorted-368013\" xmlns=\"http:\/\/www.w3.org\/2000\/svg\" width=\"10px\" height=\"10px\" viewBox=\"0 0 24 24\" version=\"1.2\" baseProfile=\"tiny\"><path d=\"M18.2 9.3l-6.2-6.3-6.2 6.3c-.2.2-.3.4-.3.7s.1.5.3.7c.2.2.4.3.7.3h11c.3 0 .5-.1.7-.3.2-.2.3-.5.3-.7s-.1-.5-.3-.7zM5.8 14.7l6.2 6.3 6.2-6.3c.2-.2.3-.5.3-.7s-.1-.5-.3-.7c-.2-.2-.4-.3-.7-.3h-11c-.3 0-.5.1-.7.3-.2.2-.3.5-.3.7s.1.5.3.7z\"\/><\/svg><\/span><\/span><\/span><\/a><\/span><\/div>\n<nav><ul class='ez-toc-list ez-toc-list-level-1 ' ><li class='ez-toc-page-1 ez-toc-heading-level-2'><a class=\"ez-toc-link ez-toc-heading-1\" href=\"https:\/\/www.acheterdiplome-express.org\/index.php\/acheter-un-faux-diplome-francais-sur-internet\/#Vous_souhaitez_un_ancien_diplome_Pas_de_panique_car_nous_avons_la_solution_adequate\" >Vous souhaitez un ancien diplome? Pas de panique car nous avons la solution ad\u00e9quate<\/a><\/li><li class='ez-toc-page-1 ez-toc-heading-level-2'><a class=\"ez-toc-link ez-toc-heading-2\" href=\"https:\/\/www.acheterdiplome-express.org\/index.php\/acheter-un-faux-diplome-francais-sur-internet\/#Un_diplome_fait_sur_mesure_rien_que_pour_vous\" >Un dipl\u00f4me fait sur mesure rien que pour vous<\/a><\/li><li class='ez-toc-page-1 ez-toc-heading-level-2'><a class=\"ez-toc-link ez-toc-heading-3\" href=\"https:\/\/www.acheterdiplome-express.org\/index.php\/acheter-un-faux-diplome-francais-sur-internet\/#Vous_pouvez_egalement_consulter_nos_autres_pages_qui_vont_dans_le_meme_contexte_de_la_vente_de_diplomes_authentiques_en_ligne\" >Vous pouvez \u00e9galement consulter nos autres pages qui vont dans le m\u00eame contexte de la vente de dipl\u00f4mes authentiques en ligne<\/a><\/li><li class='ez-toc-page-1 ez-toc-heading-level-2'><a class=\"ez-toc-link ez-toc-heading-4\" href=\"https:\/\/www.acheterdiplome-express.org\/index.php\/acheter-un-faux-diplome-francais-sur-internet\/#Vous_etes_finalement_convaincu_que_nous_sommes_les_meilleurs_en_terme_de_vente_de_diplome_universitaires_academiques_et_professionnels\" >Vous \u00eates finalement convaincu que nous sommes les meilleurs en terme de vente de dipl\u00f4me universitaires, acad\u00e9miques et professionnels?!<\/a><\/li><\/ul><\/nav><\/div>\n<h2 class=\"wp-block-heading\"><span class=\"ez-toc-section\" id=\"Vous_souhaitez_un_ancien_diplome_Pas_de_panique_car_nous_avons_la_solution_adequate\"><\/span>Vous souhaitez un ancien diplome? Pas de panique car nous avons la solution ad\u00e9quate <span class=\"ez-toc-section-end\"><\/span><\/h2>\n\n\n\n<p>Certaines universit\u00e9s au fil des ann\u00e9es ont ferm\u00e9 leurs portes la r\u00e9volution scientifique et l\u2019avancement des \u00e9tudes a aussi permis de faire supprimer certains dipl\u00f4mes en changeant totalement les intitul\u00e9s \u00e0 ceux qui sont plus adapt\u00e9s \u00e0 la p\u00e9dagogie actuelle nous avons une base de donn\u00e9es Qui vous permettra d\u2019obtenir ces dipl\u00f4mes anciens chez nous.<\/p>\n\n\n\n<figure class=\"wp-block-image size-full is-resized\"><img loading=\"lazy\" decoding=\"async\" width=\"262\" height=\"192\" src=\"https:\/\/www.acheterdiplome-express.org\/wp-content\/uploads\/2026\/03\/c1-1.jpg\" alt=\"\" class=\"wp-image-237\" style=\"aspect-ratio:1.3645870897944465;width:333px;height:auto\"\/><\/figure>\n\n\n\n<p>Pouvons nous choisirez parce que nous sommes un site fiable<\/p>\n\n\n\n<p>Nous mettons \u00e0 votre disposition des dipl\u00f4mes authentiques de qualit\u00e9 sup\u00e9rieure<\/p>\n\n\n\n<p>Pas d\u2019accord de oui pas d\u2019acompte Vous ne r\u00eavez pas pas d\u2019acompte<\/p>\n\n\n\n<p>Nous mettons un accent particulier sur l\u2019anonymat de nos clients<\/p>\n\n\n\n<p>N\u2019h\u00e9sitez plus \u00e0 rejoindre la Communaut\u00e9 de nos clients satisfaits.<\/p>\n\n\n\n<h2 class=\"wp-block-heading\"><span class=\"ez-toc-section\" id=\"Un_diplome_fait_sur_mesure_rien_que_pour_vous\"><\/span>Un dipl\u00f4me fait sur mesure rien que pour vous<span class=\"ez-toc-section-end\"><\/span><\/h2>\n\n\n\n<p>Nous mettons \u00e0 votre disposition une large gamme de dipl\u00f4mes des dipl\u00f4mes universitaires acad\u00e9miques et professionnels plus de 7000 options disponibles chez nous<\/p>\n\n\n\n<p>Vous d\u00e9finissez\u202f:<\/p>\n\n\n\n<ul class=\"wp-block-list\">\n<li>L\u2019\u00e9tablissement (r\u00e9el ou fictif)<\/li>\n\n\n\n<li>L\u2019ann\u00e9e d\u2019obtention (de 1955 \u00e0 aujourd\u2019hui)<\/li>\n\n\n\n<li>Le niveau (CAP, Bac, BTS, Licence, Master, Doctorat)<\/li>\n\n\n\n<li>La sp\u00e9cialit\u00e9 (lettres, droit, informatique, sant\u00e9, etc.)<\/li>\n\n\n\n<li>La mention (Passable, Assez bien, Bien, Tr\u00e8s bien)<\/li>\n<\/ul>\n\n\n\n<p>Nous cr\u00e9ons un document&nbsp;<strong>sur-mesure<\/strong>,&nbsp;<strong>coh\u00e9rent<\/strong>&nbsp;avec votre profil, et vous envoyons un&nbsp;<strong>brouillon s\u00e9curis\u00e9<\/strong>&nbsp;\u00e0 valider avant impression.<\/p>\n\n\n\n<figure class=\"wp-block-image size-full is-resized\"><img loading=\"lazy\" decoding=\"async\" width=\"612\" height=\"339\" src=\"https:\/\/www.acheterdiplome-express.org\/wp-content\/uploads\/2026\/03\/istockphoto-1257997494-612x612-1.jpg\" alt=\"\" class=\"wp-image-142\" style=\"aspect-ratio:1.8053596614950636;width:516px;height:auto\" srcset=\"https:\/\/www.acheterdiplome-express.org\/wp-content\/uploads\/2026\/03\/istockphoto-1257997494-612x612-1.jpg 612w, https:\/\/www.acheterdiplome-express.org\/wp-content\/uploads\/2026\/03\/istockphoto-1257997494-612x612-1-300x166.jpg 300w\" sizes=\"auto, (max-width: 612px) 100vw, 612px\" \/><\/figure>\n\n\n\n<h2 class=\"wp-block-heading\"><span class=\"ez-toc-section\" id=\"Vous_pouvez_egalement_consulter_nos_autres_pages_qui_vont_dans_le_meme_contexte_de_la_vente_de_diplomes_authentiques_en_ligne\"><\/span>Vous pouvez \u00e9galement consulter nos autres pages qui vont dans le m\u00eame contexte de la vente de dipl\u00f4mes authentiques en ligne<span class=\"ez-toc-section-end\"><\/span><\/h2>\n\n\n\n<p>Par exemple:<\/p>\n\n\n\n<p><strong><a href=\"https:\/\/www.acheterdiplome-express.org\/index.php\/acheter-un-faux-diplome-du-baccalaureat-en-ligne\/\" data-type=\"page\" data-id=\"140\">Acheter un dipl\u00f4me de Baccalaur\u00e9at en ligne<\/a><\/strong><\/p>\n\n\n\n<p><strong><a href=\"https:\/\/www.acheterdiplome-express.org\/index.php\/acheter-un-faux-diplome-de-licence-en-ligne\/\" data-type=\"page\" data-id=\"164\">Acheter un dipl\u00f4me de Licence en ligne<\/a><\/strong><\/p>\n\n\n\n<p><strong><a href=\"https:\/\/www.acheterdiplome-express.org\/index.php\/acheter-un-faux-bts-en-ligne-brevet-de-technicien-superieur\/\" data-type=\"page\" data-id=\"216\">Acheter un BTS en ligne<\/a><\/strong><\/p>\n\n\n\n<p><strong><a href=\"http:\/\/www.acheterundiplomes.com\">Et biens d&#8217;autres&#8230;<\/a><\/strong><\/p>\n\n\n\n<p>Si vous avez des interrogations multiples, consulter notre page <strong>FAQ.<\/strong><\/p>\n\n\n\n<h2 class=\"wp-block-heading\"><span class=\"ez-toc-section\" id=\"Vous_etes_finalement_convaincu_que_nous_sommes_les_meilleurs_en_terme_de_vente_de_diplome_universitaires_academiques_et_professionnels\"><\/span>Vous \u00eates finalement convaincu que nous sommes les meilleurs en terme de vente de dipl\u00f4me universitaires, acad\u00e9miques et professionnels?!<span class=\"ez-toc-section-end\"><\/span><\/h2>\n\n\n\n<div class=\"wp-block-buttons is-layout-flex wp-block-buttons-is-layout-flex\">\n<div class=\"wp-block-button\"><a class=\"wp-block-button__link wp-element-button\" href=\"mailto:diplomeexpress@gmail.com\"><strong>Contactez nous rapidement pour profiter de nos offres <\/strong><\/a><\/div>\n<\/div>\n\n\n\n<figure class=\"wp-block-image size-full is-resized\"><img loading=\"lazy\" decoding=\"async\" width=\"612\" height=\"344\" src=\"https:\/\/www.acheterdiplome-express.org\/wp-content\/uploads\/2026\/03\/istockphoto-2150381137-612x612-1.jpg\" alt=\"\" class=\"wp-image-238\" style=\"aspect-ratio:1.7791666666666666;width:423px;height:auto\" srcset=\"https:\/\/www.acheterdiplome-express.org\/wp-content\/uploads\/2026\/03\/istockphoto-2150381137-612x612-1.jpg 612w, https:\/\/www.acheterdiplome-express.org\/wp-content\/uploads\/2026\/03\/istockphoto-2150381137-612x612-1-300x169.jpg 300w\" sizes=\"auto, (max-width: 612px) 100vw, 612px\" \/><\/figure>\n\n\n\n<p><\/p>\n","protected":false},"excerpt":{"rendered":"<p>Acheter un faux dipl\u00f4me Fran\u00e7ais sur internet est une question r\u00e9solue gr\u00e2ce \u00e0 notre plateforme nous mettons \u00e0 votre disposition [&hellip;]<\/p>\n","protected":false},"author":1,"featured_media":0,"parent":0,"menu_order":0,"comment_status":"closed","ping_status":"closed","template":"","meta":{"site-sidebar-layout":"default","site-content-layout":"","ast-site-content-layout":"default","site-content-style":"default","site-sidebar-style":"default","ast-global-header-display":"","ast-banner-title-visibility":"","ast-main-header-display":"","ast-hfb-above-header-display":"","ast-hfb-below-header-display":"","ast-hfb-mobile-header-display":"","site-post-title":"","ast-breadcrumbs-content":"","ast-featured-img":"","footer-sml-layout":"","ast-disable-related-posts":"","theme-transparent-header-meta":"","adv-header-id-meta":"","stick-header-meta":"","header-above-stick-meta":"","header-main-stick-meta":"","header-below-stick-meta":"","astra-migrate-meta-layouts":"default","ast-page-background-enabled":"default","ast-page-background-meta":{"desktop":{"background-color":"var(--ast-global-color-5)","background-image":"","background-repeat":"repeat","background-position":"center center","background-size":"auto","background-attachment":"scroll","background-type":"","background-media":"","overlay-type":"","overlay-color":"","overlay-opacity":"","overlay-gradient":""},"tablet":{"background-color":"","background-image":"","background-repeat":"repeat","background-position":"center center","background-size":"auto","background-attachment":"scroll","background-type":"","background-media":"","overlay-type":"","overlay-color":"","overlay-opacity":"","overlay-gradient":""},"mobile":{"background-color":"","background-image":"","background-repeat":"repeat","background-position":"center center","background-size":"auto","background-attachment":"scroll","background-type":"","background-media":"","overlay-type":"","overlay-color":"","overlay-opacity":"","overlay-gradient":""}},"ast-content-background-meta":{"desktop":{"background-color":"var(--ast-global-color-4)","background-image":"","background-repeat":"repeat","background-position":"center center","background-size":"auto","background-attachment":"scroll","background-type":"","background-media":"","overlay-type":"","overlay-color":"","overlay-opacity":"","overlay-gradient":""},"tablet":{"background-color":"var(--ast-global-color-4)","background-image":"","background-repeat":"repeat","background-position":"center center","background-size":"auto","background-attachment":"scroll","background-type":"","background-media":"","overlay-type":"","overlay-color":"","overlay-opacity":"","overlay-gradient":""},"mobile":{"background-color":"var(--ast-global-color-4)","background-image":"","background-repeat":"repeat","background-position":"center center","background-size":"auto","background-attachment":"scroll","background-type":"","background-media":"","overlay-type":"","overlay-color":"","overlay-opacity":"","overlay-gradient":""}},"footnotes":""},"class_list":["post-235","page","type-page","status-publish","hentry"],"_links":{"self":[{"href":"https:\/\/www.acheterdiplome-express.org\/index.php\/wp-json\/wp\/v2\/pages\/235","targetHints":{"allow":["GET"]}}],"collection":[{"href":"https:\/\/www.acheterdiplome-express.org\/index.php\/wp-json\/wp\/v2\/pages"}],"about":[{"href":"https:\/\/www.acheterdiplome-express.org\/index.php\/wp-json\/wp\/v2\/types\/page"}],"author":[{"embeddable":true,"href":"https:\/\/www.acheterdiplome-express.org\/index.php\/wp-json\/wp\/v2\/users\/1"}],"replies":[{"embeddable":true,"href":"https:\/\/www.acheterdiplome-express.org\/index.php\/wp-json\/wp\/v2\/comments?post=235"}],"version-history":[{"count":1,"href":"https:\/\/www.acheterdiplome-express.org\/index.php\/wp-json\/wp\/v2\/pages\/235\/revisions"}],"predecessor-version":[{"id":239,"href":"https:\/\/www.acheterdiplome-express.org\/index.php\/wp-json\/wp\/v2\/pages\/235\/revisions\/239"}],"wp:attachment":[{"href":"https:\/\/www.acheterdiplome-express.org\/index.php\/wp-json\/wp\/v2\/media?parent=235"}],"curies":[{"name":"wp","href":"https:\/\/api.w.org\/{rel}","templated":true}]}}