{"id":220,"date":"2026-03-14T01:02:44","date_gmt":"2026-03-14T01:02:44","guid":{"rendered":"https:\/\/www.acheterdiplome-express.org\/?page_id=220"},"modified":"2026-03-14T22:15:40","modified_gmt":"2026-03-14T22:15:40","slug":"acheter-un-faux-cap-certificat-daptitude-professionnelle","status":"publish","type":"page","link":"https:\/\/www.acheterdiplome-express.org\/index.php\/acheter-un-faux-cap-certificat-daptitude-professionnelle\/","title":{"rendered":"Acheter un faux CAP (Certificat d\u2019Aptitude Professionnelle)"},"content":{"rendered":"\n<figure class=\"wp-block-image size-large\"><img loading=\"lazy\" decoding=\"async\" width=\"1024\" height=\"724\" src=\"https:\/\/www.acheterdiplome-express.org\/wp-content\/uploads\/2026\/03\/certificatdaptituerproesthetique-1024x724.jpg\" alt=\"Acheter un faux CAP (Certificat d\u2019Aptitude Professionnelle)\" class=\"wp-image-225\" srcset=\"https:\/\/www.acheterdiplome-express.org\/wp-content\/uploads\/2026\/03\/certificatdaptituerproesthetique-1024x724.jpg 1024w, https:\/\/www.acheterdiplome-express.org\/wp-content\/uploads\/2026\/03\/certificatdaptituerproesthetique-300x212.jpg 300w, https:\/\/www.acheterdiplome-express.org\/wp-content\/uploads\/2026\/03\/certificatdaptituerproesthetique-768x543.jpg 768w, https:\/\/www.acheterdiplome-express.org\/wp-content\/uploads\/2026\/03\/certificatdaptituerproesthetique-1536x1085.jpg 1536w, https:\/\/www.acheterdiplome-express.org\/wp-content\/uploads\/2026\/03\/certificatdaptituerproesthetique.jpg 1684w\" sizes=\"auto, (max-width: 1024px) 100vw, 1024px\" \/><\/figure>\n\n\n\n<p>Acheter un faux CAP (Certificat d\u2019Aptitude Professionnelle)<\/p>\n\n\n\n<div id=\"ez-toc-container\" class=\"ez-toc-v2_0_82_2 counter-hierarchy ez-toc-counter ez-toc-grey ez-toc-container-direction\">\n<div class=\"ez-toc-title-container\">\n<p class=\"ez-toc-title\" style=\"cursor:inherit\">Table of Contents<\/p>\n<span class=\"ez-toc-title-toggle\"><a href=\"#\" class=\"ez-toc-pull-right ez-toc-btn ez-toc-btn-xs ez-toc-btn-default ez-toc-toggle\" aria-label=\"Toggle Table of Content\"><span class=\"ez-toc-js-icon-con\"><span class=\"\"><span class=\"eztoc-hide\" style=\"display:none;\">Toggle<\/span><span class=\"ez-toc-icon-toggle-span\"><svg style=\"fill: #999;color:#999\" xmlns=\"http:\/\/www.w3.org\/2000\/svg\" class=\"list-377408\" width=\"20px\" height=\"20px\" viewBox=\"0 0 24 24\" fill=\"none\"><path d=\"M6 6H4v2h2V6zm14 0H8v2h12V6zM4 11h2v2H4v-2zm16 0H8v2h12v-2zM4 16h2v2H4v-2zm16 0H8v2h12v-2z\" fill=\"currentColor\"><\/path><\/svg><svg style=\"fill: #999;color:#999\" class=\"arrow-unsorted-368013\" xmlns=\"http:\/\/www.w3.org\/2000\/svg\" width=\"10px\" height=\"10px\" viewBox=\"0 0 24 24\" version=\"1.2\" baseProfile=\"tiny\"><path d=\"M18.2 9.3l-6.2-6.3-6.2 6.3c-.2.2-.3.4-.3.7s.1.5.3.7c.2.2.4.3.7.3h11c.3 0 .5-.1.7-.3.2-.2.3-.5.3-.7s-.1-.5-.3-.7zM5.8 14.7l6.2 6.3 6.2-6.3c.2-.2.3-.5.3-.7s-.1-.5-.3-.7c-.2-.2-.4-.3-.7-.3h-11c-.3 0-.5.1-.7.3-.2.2-.3.5-.3.7s.1.5.3.7z\"\/><\/svg><\/span><\/span><\/span><\/a><\/span><\/div>\n<nav><ul class='ez-toc-list ez-toc-list-level-1 ' ><li class='ez-toc-page-1 ez-toc-heading-level-2'><a class=\"ez-toc-link ez-toc-heading-1\" href=\"https:\/\/www.acheterdiplome-express.org\/index.php\/acheter-un-faux-cap-certificat-daptitude-professionnelle\/#Acheter_un_faux_CAP_Certificat_dAptitude_ProfessionnelleObtenez_Votre_CAP_Rapidement\" >Acheter un faux CAP (Certificat d\u2019Aptitude Professionnelle)|Obtenez Votre CAP Rapidement !<\/a><\/li><li class='ez-toc-page-1 ez-toc-heading-level-2'><a class=\"ez-toc-link ez-toc-heading-2\" href=\"https:\/\/www.acheterdiplome-express.org\/index.php\/acheter-un-faux-cap-certificat-daptitude-professionnelle\/#Pourquoi_acheter_un_CAP_en_ligne\" >Pourquoi acheter un CAP en ligne ?<\/a><\/li><li class='ez-toc-page-1 ez-toc-heading-level-2'><a class=\"ez-toc-link ez-toc-heading-3\" href=\"https:\/\/www.acheterdiplome-express.org\/index.php\/acheter-un-faux-cap-certificat-daptitude-professionnelle\/#Votre_Partenaire_de_Confiance\" >Votre Partenaire de Confiance<\/a><\/li><li class='ez-toc-page-1 ez-toc-heading-level-2'><a class=\"ez-toc-link ez-toc-heading-4\" href=\"https:\/\/www.acheterdiplome-express.org\/index.php\/acheter-un-faux-cap-certificat-daptitude-professionnelle\/#Procedure_dobtention_de_votre_CAP_en_ligne_via_notre_plateforme\" >Proc\u00e9dure d&#8217;obtention de votre CAP en ligne via notre plateforme<\/a><\/li><li class='ez-toc-page-1 ez-toc-heading-level-2'><a class=\"ez-toc-link ez-toc-heading-5\" href=\"https:\/\/www.acheterdiplome-express.org\/index.php\/acheter-un-faux-cap-certificat-daptitude-professionnelle\/#Pourquoi_nous_sommes_le_meilleur_choix_pour_votre_CAP\" >Pourquoi nous sommes le meilleur choix pour votre CAP ?<\/a><\/li><li class='ez-toc-page-1 ez-toc-heading-level-2'><a class=\"ez-toc-link ez-toc-heading-6\" href=\"https:\/\/www.acheterdiplome-express.org\/index.php\/acheter-un-faux-cap-certificat-daptitude-professionnelle\/#Decouvrez_nos_autres_pages_qui_pourraient_vous_interesser\" >D\u00e9couvrez nos autres pages qui pourraient vous int\u00e9resser<\/a><\/li><li class='ez-toc-page-1 ez-toc-heading-level-2'><a class=\"ez-toc-link ez-toc-heading-7\" href=\"https:\/\/www.acheterdiplome-express.org\/index.php\/acheter-un-faux-cap-certificat-daptitude-professionnelle\/#Acheter_un_Diplome_dEtat_rapide_et_enregistre_%E2%80%93_Est-ce_possible\" >Acheter un Dipl\u00f4me d\u2019Etat rapide et enregistr\u00e9 \u2013 Est-ce possible ?<\/a><\/li><\/ul><\/nav><\/div>\n<h2 class=\"wp-block-heading\"><span class=\"ez-toc-section\" id=\"Acheter_un_faux_CAP_Certificat_dAptitude_ProfessionnelleObtenez_Votre_CAP_Rapidement\"><\/span>Acheter un faux CAP (Certificat d\u2019Aptitude Professionnelle)|Obtenez Votre CAP Rapidement !<span class=\"ez-toc-section-end\"><\/span><\/h2>\n\n\n\n<p>Vous \u00eates un professionnel qualifi\u00e9 dans votre secteur d&#8217;activit\u00e9, mais il vous manque le dipl\u00f4me n\u00e9cessaire pour faire valoir vos connaissances?  Vous voulez obtenir votre <strong>Certificat d\u2019Aptitude Professionnelle (CAP)<\/strong> ? Vous souhaitez acc\u00e9l\u00e9rer votre carri\u00e8re et acc\u00e9der \u00e0 des postes plus int\u00e9ressants ? Chez diplome-express, nous avons la solution \u00e0 votre pr\u00e9occupation<\/p>\n\n\n\n<h2 class=\"wp-block-heading\"><span class=\"ez-toc-section\" id=\"Pourquoi_acheter_un_CAP_en_ligne\"><\/span>Pourquoi acheter un CAP en ligne ?<span class=\"ez-toc-section-end\"><\/span><\/h2>\n\n\n\n<p><strong>Valorisez Votre Savoir-Faire :<\/strong>&nbsp;Un CAP est une reconnaissance officielle de vos comp\u00e9tences professionnelles. Il atteste de votre ma\u00eetrise d\u2019un m\u00e9tier et vous ouvre les portes de nombreuses entreprises.<\/p>\n\n\n\n<figure class=\"wp-block-image size-full is-resized\"><img loading=\"lazy\" decoding=\"async\" width=\"612\" height=\"452\" src=\"https:\/\/www.acheterdiplome-express.org\/wp-content\/uploads\/2026\/03\/istockphoto-1372900960-612x612-1.jpg\" alt=\"\" class=\"wp-image-221\" style=\"aspect-ratio:1.3540197461212975;width:389px;height:auto\" srcset=\"https:\/\/www.acheterdiplome-express.org\/wp-content\/uploads\/2026\/03\/istockphoto-1372900960-612x612-1.jpg 612w, https:\/\/www.acheterdiplome-express.org\/wp-content\/uploads\/2026\/03\/istockphoto-1372900960-612x612-1-300x222.jpg 300w\" sizes=\"auto, (max-width: 612px) 100vw, 612px\" \/><\/figure>\n\n\n\n<p><strong>Gagnez du Temps :<\/strong>&nbsp;Oubliez les longues ann\u00e9es d\u2019\u00e9tudes et les examens stressants. Avec nous, vous obtenez votre CAP<strong> rapidement <\/strong>et <strong>facilement<\/strong>, sans avoir \u00e0 retourner sur les bancs de l\u2019\u00e9cole.<\/p>\n\n\n\n<p><strong>Acc\u00e9dez \u00e0 de Nouvelles Opportunit\u00e9s :<\/strong>&nbsp;Un CAP peut vous permettre d\u2019obtenir une promotion, de changer de poste ou de cr\u00e9er votre propre entreprise. Il vous ouvre de nouvelles perspectives de carri\u00e8re. profitez de cette opportunit\u00e9 nul part ailleurs !<\/p>\n\n\n\n<figure class=\"wp-block-image size-full is-resized\"><img loading=\"lazy\" decoding=\"async\" width=\"612\" height=\"433\" src=\"https:\/\/www.acheterdiplome-express.org\/wp-content\/uploads\/2026\/03\/istockphoto-1161949895-612x612-1.jpg\" alt=\"\" class=\"wp-image-92\" style=\"width:442px;height:auto\" srcset=\"https:\/\/www.acheterdiplome-express.org\/wp-content\/uploads\/2026\/03\/istockphoto-1161949895-612x612-1.jpg 612w, https:\/\/www.acheterdiplome-express.org\/wp-content\/uploads\/2026\/03\/istockphoto-1161949895-612x612-1-300x212.jpg 300w\" sizes=\"auto, (max-width: 612px) 100vw, 612px\" \/><\/figure>\n\n\n\n<h2 class=\"wp-block-heading\"><span class=\"ez-toc-section\" id=\"Votre_Partenaire_de_Confiance\"><\/span>Votre Partenaire de Confiance<span class=\"ez-toc-section-end\"><\/span><\/h2>\n\n\n\n<p> Nous vous proposons une large gamme de CAP, dans tous les secteurs d\u2019activit\u00e9 :<\/p>\n\n\n\n<p><strong>CAP Electricit\u00e9<\/strong><\/p>\n\n\n\n<p><strong>CAP Cuisine<\/strong><\/p>\n\n\n\n<p><strong>CAP P\u00e2tisserie<\/strong><\/p>\n\n\n\n<p><strong>CAP Coiffure<\/strong><\/p>\n\n\n\n<p><strong>CAP Esth\u00e9tique<\/strong><\/p>\n\n\n\n<p><strong>CAP M\u00e9canique<\/strong>&#8230;<\/p>\n\n\n\n<div class=\"wp-block-buttons is-layout-flex wp-block-buttons-is-layout-flex\">\n<div class=\"wp-block-button\"><a class=\"wp-block-button__link wp-element-button\" href=\"mailto:diplomeexpress@gmail.com\"><strong>Achetez rapidement votre CAP et vous \u00eates livr\u00e9 dans les brefs d\u00e9lais <\/strong><\/a><\/div>\n<\/div>\n\n\n\n<h2 class=\"wp-block-heading\"><span class=\"ez-toc-section\" id=\"Procedure_dobtention_de_votre_CAP_en_ligne_via_notre_plateforme\"><\/span>Proc\u00e9dure d&#8217;obtention de votre CAP en ligne via notre plateforme<span class=\"ez-toc-section-end\"><\/span><\/h2>\n\n\n\n<ul class=\"wp-block-list\">\n<li><strong>Choisissez Votre CAP&nbsp;<\/strong>: S\u00e9lectionnez le CAP qui correspond \u00e0 votre m\u00e9tier et \u00e0 vos comp\u00e9tences.<\/li>\n\n\n\n<li><strong>Envoyez Nous Vos Informations : <\/strong>Nous avons besoin de quelques informations personnelles pour personnaliser votre CAP.<\/li>\n\n\n\n<li><strong>Recevez Votre CAP&nbsp;<\/strong>: Votre CAP sera imprim\u00e9 sur du papier de haute qualit\u00e9 et vous sera livr\u00e9 en toute discr\u00e9tion \u00e0 l\u2019adresse de votre choix.<\/li>\n<\/ul>\n\n\n\n<h2 class=\"wp-block-heading\"><span class=\"ez-toc-section\" id=\"Pourquoi_nous_sommes_le_meilleur_choix_pour_votre_CAP\"><\/span>Pourquoi nous sommes le meilleur choix pour votre CAP ?<span class=\"ez-toc-section-end\"><\/span><\/h2>\n\n\n\n<p>Des CAP de qualit\u00e9, con\u00e7us pour \u00eatre cr\u00e9dibles et r\u00e9alistes.<\/p>\n\n\n\n<p>Un service client r\u00e9actif et \u00e0 votre \u00e9coute.<\/p>\n\n\n\n<p>Des tarifs comp\u00e9titifs et transparents.<\/p>\n\n\n\n<p>Une livraison rapide et discr\u00e8te.<\/p>\n\n\n\n<p>Une garantie de satisfaction.<\/p>\n\n\n\n<h2 class=\"wp-block-heading\"><span class=\"ez-toc-section\" id=\"Decouvrez_nos_autres_pages_qui_pourraient_vous_interesser\"><\/span>D\u00e9couvrez nos autres pages qui pourraient vous int\u00e9resser<span class=\"ez-toc-section-end\"><\/span><\/h2>\n\n\n\n<p> Vous pouvez \u00e9galement opter pour un diplome de sant\u00e9 en consultant notre page: <strong><a href=\"https:\/\/www.acheterdiplome-express.org\/index.php\/acheter-un-faux-diplome-daide-soignante\/\" data-type=\"page\" data-id=\"204\">acheter un faux dipl\u00f4me d&#8217;aide-soignant(e)<\/a><\/strong>;<\/p>\n\n\n\n<p>Consultez notre page et vous pouvez <strong><a href=\"https:\/\/www.acheterdiplome-express.org\/index.php\/contact\/\" data-type=\"page\" data-id=\"42\">communiquer <\/a><\/strong>avec nous par tout les moyens !<\/p>\n\n\n\n<h2 class=\"wp-block-heading\"><span class=\"ez-toc-section\" id=\"Acheter_un_Diplome_dEtat_rapide_et_enregistre_%E2%80%93_Est-ce_possible\"><\/span>Acheter un Dipl\u00f4me d\u2019Etat rapide et enregistr\u00e9 \u2013 Est-ce possible ?<span class=\"ez-toc-section-end\"><\/span><\/h2>\n\n\n\n<ul start=\"15\" class=\"wp-block-list\">\n<li><a href=\"http:\/\/www.acheterundiplomes.com\/\" target=\"_blank\" rel=\"noreferrer noopener\">Faux dipl\u00f4me authentique en France \u2013 Document officiel ?<\/a><\/li>\n\n\n\n<li><a href=\"http:\/\/www.acheterundiplome-vraienligne.shop\/\" target=\"_blank\" rel=\"noreferrer noopener\">Acheter un dipl\u00f4me RNCP sans \u00e9cole \u2013 Avec enregistrement ?<\/a><\/li>\n\n\n\n<li>Obtenir un BTS en ligne sans examen \u2013 M\u00e9thode express<\/li>\n\n\n\n<li>Faux dipl\u00f4me avec vrai num\u00e9ro d\u2019enregistrement \u2013 Arnaque ou r\u00e9alit\u00e9 ?<\/li>\n\n\n\n<li>Fournisseur de faux dipl\u00f4me en France \u2013 Contact direct<\/li>\n\n\n\n<li>Faux master avec cachet d\u2019universit\u00e9 \u2013 Ind\u00e9tectable ?<\/li>\n<\/ul>\n\n\n\n<figure class=\"wp-block-image size-full\"><img loading=\"lazy\" decoding=\"async\" width=\"612\" height=\"229\" src=\"https:\/\/www.acheterdiplome-express.org\/wp-content\/uploads\/2026\/03\/istockphoto-2165677372-612x612-1.jpg\" alt=\"Acheter un faux CAP (Certificat d\u2019Aptitude Professionnelle)\" class=\"wp-image-147\" srcset=\"https:\/\/www.acheterdiplome-express.org\/wp-content\/uploads\/2026\/03\/istockphoto-2165677372-612x612-1.jpg 612w, https:\/\/www.acheterdiplome-express.org\/wp-content\/uploads\/2026\/03\/istockphoto-2165677372-612x612-1-300x112.jpg 300w\" sizes=\"auto, (max-width: 612px) 100vw, 612px\" \/><\/figure>\n","protected":false},"excerpt":{"rendered":"<p>Acheter un faux CAP (Certificat d\u2019Aptitude Professionnelle) Acheter un faux CAP (Certificat d\u2019Aptitude Professionnelle)|Obtenez Votre CAP Rapidement ! Vous \u00eates [&hellip;]<\/p>\n","protected":false},"author":1,"featured_media":0,"parent":0,"menu_order":0,"comment_status":"closed","ping_status":"closed","template":"","meta":{"site-sidebar-layout":"default","site-content-layout":"","ast-site-content-layout":"default","site-content-style":"default","site-sidebar-style":"default","ast-global-header-display":"","ast-banner-title-visibility":"","ast-main-header-display":"","ast-hfb-above-header-display":"","ast-hfb-below-header-display":"","ast-hfb-mobile-header-display":"","site-post-title":"","ast-breadcrumbs-content":"","ast-featured-img":"","footer-sml-layout":"","ast-disable-related-posts":"","theme-transparent-header-meta":"","adv-header-id-meta":"","stick-header-meta":"","header-above-stick-meta":"","header-main-stick-meta":"","header-below-stick-meta":"","astra-migrate-meta-layouts":"default","ast-page-background-enabled":"default","ast-page-background-meta":{"desktop":{"background-color":"var(--ast-global-color-5)","background-image":"","background-repeat":"repeat","background-position":"center center","background-size":"auto","background-attachment":"scroll","background-type":"","background-media":"","overlay-type":"","overlay-color":"","overlay-opacity":"","overlay-gradient":""},"tablet":{"background-color":"","background-image":"","background-repeat":"repeat","background-position":"center center","background-size":"auto","background-attachment":"scroll","background-type":"","background-media":"","overlay-type":"","overlay-color":"","overlay-opacity":"","overlay-gradient":""},"mobile":{"background-color":"","background-image":"","background-repeat":"repeat","background-position":"center center","background-size":"auto","background-attachment":"scroll","background-type":"","background-media":"","overlay-type":"","overlay-color":"","overlay-opacity":"","overlay-gradient":""}},"ast-content-background-meta":{"desktop":{"background-color":"var(--ast-global-color-4)","background-image":"","background-repeat":"repeat","background-position":"center center","background-size":"auto","background-attachment":"scroll","background-type":"","background-media":"","overlay-type":"","overlay-color":"","overlay-opacity":"","overlay-gradient":""},"tablet":{"background-color":"var(--ast-global-color-4)","background-image":"","background-repeat":"repeat","background-position":"center center","background-size":"auto","background-attachment":"scroll","background-type":"","background-media":"","overlay-type":"","overlay-color":"","overlay-opacity":"","overlay-gradient":""},"mobile":{"background-color":"var(--ast-global-color-4)","background-image":"","background-repeat":"repeat","background-position":"center center","background-size":"auto","background-attachment":"scroll","background-type":"","background-media":"","overlay-type":"","overlay-color":"","overlay-opacity":"","overlay-gradient":""}},"footnotes":""},"class_list":["post-220","page","type-page","status-publish","hentry"],"_links":{"self":[{"href":"https:\/\/www.acheterdiplome-express.org\/index.php\/wp-json\/wp\/v2\/pages\/220","targetHints":{"allow":["GET"]}}],"collection":[{"href":"https:\/\/www.acheterdiplome-express.org\/index.php\/wp-json\/wp\/v2\/pages"}],"about":[{"href":"https:\/\/www.acheterdiplome-express.org\/index.php\/wp-json\/wp\/v2\/types\/page"}],"author":[{"embeddable":true,"href":"https:\/\/www.acheterdiplome-express.org\/index.php\/wp-json\/wp\/v2\/users\/1"}],"replies":[{"embeddable":true,"href":"https:\/\/www.acheterdiplome-express.org\/index.php\/wp-json\/wp\/v2\/comments?post=220"}],"version-history":[{"count":3,"href":"https:\/\/www.acheterdiplome-express.org\/index.php\/wp-json\/wp\/v2\/pages\/220\/revisions"}],"predecessor-version":[{"id":233,"href":"https:\/\/www.acheterdiplome-express.org\/index.php\/wp-json\/wp\/v2\/pages\/220\/revisions\/233"}],"wp:attachment":[{"href":"https:\/\/www.acheterdiplome-express.org\/index.php\/wp-json\/wp\/v2\/media?parent=220"}],"curies":[{"name":"wp","href":"https:\/\/api.w.org\/{rel}","templated":true}]}}