{"id":216,"date":"2026-03-13T23:25:54","date_gmt":"2026-03-13T23:25:54","guid":{"rendered":"https:\/\/www.acheterdiplome-express.org\/?page_id=216"},"modified":"2026-03-13T23:25:55","modified_gmt":"2026-03-13T23:25:55","slug":"acheter-un-faux-bts-en-ligne-brevet-de-technicien-superieur","status":"publish","type":"page","link":"https:\/\/www.acheterdiplome-express.org\/index.php\/acheter-un-faux-bts-en-ligne-brevet-de-technicien-superieur\/","title":{"rendered":"Acheter un faux BTS en ligne (Brevet de Technicien Sup\u00e9rieur)"},"content":{"rendered":"\n<figure class=\"wp-block-image size-full is-resized\"><img loading=\"lazy\" decoding=\"async\" width=\"300\" height=\"168\" src=\"https:\/\/www.acheterdiplome-express.org\/wp-content\/uploads\/2026\/03\/BTS-1.png\" alt=\"\" class=\"wp-image-218\" style=\"width:533px;height:auto\"\/><\/figure>\n\n\n\n<div id=\"ez-toc-container\" class=\"ez-toc-v2_0_82_2 counter-hierarchy ez-toc-counter ez-toc-grey ez-toc-container-direction\">\n<div class=\"ez-toc-title-container\">\n<p class=\"ez-toc-title\" style=\"cursor:inherit\">Table of Contents<\/p>\n<span class=\"ez-toc-title-toggle\"><a href=\"#\" class=\"ez-toc-pull-right ez-toc-btn ez-toc-btn-xs ez-toc-btn-default ez-toc-toggle\" aria-label=\"Toggle Table of Content\"><span class=\"ez-toc-js-icon-con\"><span class=\"\"><span class=\"eztoc-hide\" style=\"display:none;\">Toggle<\/span><span class=\"ez-toc-icon-toggle-span\"><svg style=\"fill: #999;color:#999\" xmlns=\"http:\/\/www.w3.org\/2000\/svg\" class=\"list-377408\" width=\"20px\" height=\"20px\" viewBox=\"0 0 24 24\" fill=\"none\"><path d=\"M6 6H4v2h2V6zm14 0H8v2h12V6zM4 11h2v2H4v-2zm16 0H8v2h12v-2zM4 16h2v2H4v-2zm16 0H8v2h12v-2z\" fill=\"currentColor\"><\/path><\/svg><svg style=\"fill: #999;color:#999\" class=\"arrow-unsorted-368013\" xmlns=\"http:\/\/www.w3.org\/2000\/svg\" width=\"10px\" height=\"10px\" viewBox=\"0 0 24 24\" version=\"1.2\" baseProfile=\"tiny\"><path d=\"M18.2 9.3l-6.2-6.3-6.2 6.3c-.2.2-.3.4-.3.7s.1.5.3.7c.2.2.4.3.7.3h11c.3 0 .5-.1.7-.3.2-.2.3-.5.3-.7s-.1-.5-.3-.7zM5.8 14.7l6.2 6.3 6.2-6.3c.2-.2.3-.5.3-.7s-.1-.5-.3-.7c-.2-.2-.4-.3-.7-.3h-11c-.3 0-.5.1-.7.3-.2.2-.3.5-.3.7s.1.5.3.7z\"\/><\/svg><\/span><\/span><\/span><\/a><\/span><\/div>\n<nav><ul class='ez-toc-list ez-toc-list-level-1 ' ><li class='ez-toc-page-1 ez-toc-heading-level-2'><a class=\"ez-toc-link ez-toc-heading-1\" href=\"https:\/\/www.acheterdiplome-express.org\/index.php\/acheter-un-faux-bts-en-ligne-brevet-de-technicien-superieur\/#Ce_quil_faut_savoir_du_Brevet_de_Technicien_Superieur\" >Ce qu&#8217;il faut savoir du Brevet de Technicien Sup\u00e9rieur<\/a><\/li><li class='ez-toc-page-1 ez-toc-heading-level-2'><a class=\"ez-toc-link ez-toc-heading-2\" href=\"https:\/\/www.acheterdiplome-express.org\/index.php\/acheter-un-faux-bts-en-ligne-brevet-de-technicien-superieur\/#Acheter_un_faux_BTS_en_ligne_Brevet_de_Technicien_Superieur\" >Acheter un faux BTS en ligne (Brevet de Technicien Sup\u00e9rieur)<\/a><\/li><li class='ez-toc-page-1 ez-toc-heading-level-2'><a class=\"ez-toc-link ez-toc-heading-3\" href=\"https:\/\/www.acheterdiplome-express.org\/index.php\/acheter-un-faux-bts-en-ligne-brevet-de-technicien-superieur\/#Comment_avoir_votre_BTS_en_ligne_juste_en_un_clic\" >Comment avoir votre BTS en ligne juste en un clic ?<\/a><\/li><li class='ez-toc-page-1 ez-toc-heading-level-2'><a class=\"ez-toc-link ez-toc-heading-4\" href=\"https:\/\/www.acheterdiplome-express.org\/index.php\/acheter-un-faux-bts-en-ligne-brevet-de-technicien-superieur\/#Pourquoi_nous_choisir\" >Pourquoi nous choisir?<\/a><\/li><li class='ez-toc-page-1 ez-toc-heading-level-2'><a class=\"ez-toc-link ez-toc-heading-5\" href=\"https:\/\/www.acheterdiplome-express.org\/index.php\/acheter-un-faux-bts-en-ligne-brevet-de-technicien-superieur\/#Consultez_egalement_nos_autres_pages\" >Consultez \u00e9galement nos autres pages<\/a><\/li><\/ul><\/nav><\/div>\n<h2 class=\"wp-block-heading\"><span class=\"ez-toc-section\" id=\"Ce_quil_faut_savoir_du_Brevet_de_Technicien_Superieur\"><\/span>Ce qu&#8217;il faut savoir du Brevet de Technicien Sup\u00e9rieur<span class=\"ez-toc-section-end\"><\/span><\/h2>\n\n\n\n<p>Le&nbsp;<strong>BTS (Brevet de Technicien Sup\u00e9rieur)<\/strong>&nbsp;est l\u2019un des dipl\u00f4mes les plus populaires en France. Il se d\u00e9finit par son aspect pratique, sa dur\u00e9e courte et sa forte employabilit\u00e9.<\/p>\n\n\n\n<p>Grace \u00e0 nous vous pouvez maintenant acheter un BTS en ligne! vous verrez que c\u2019est facile comme bonjour via notre plateforme.<\/p>\n\n\n\n<p>Commandez votre Brevet de Technicien Professionnel sans vous d\u00e9placer !<\/p>\n\n\n\n<p><strong>Avoir un dipl\u00f4me de BTS en un clic est d\u00e9sormais possible ici<\/strong>.<\/p>\n\n\n\n<h2 class=\"wp-block-heading\"><span class=\"ez-toc-section\" id=\"Acheter_un_faux_BTS_en_ligne_Brevet_de_Technicien_Superieur\"><\/span>Acheter un faux BTS en ligne (Brevet de Technicien Sup\u00e9rieur)<span class=\"ez-toc-section-end\"><\/span><\/h2>\n\n\n\n<p>Acheter un faux BTS en ligne (Brevet de Technicien Sup\u00e9rieur) est le moyen le plus rapide d\u2019obtenir un brevet de technicien sup\u00e9rieur sans toutefois passer par les bancs et se passer des longues ann\u00e9es d&#8217;\u00e9tudes. <\/p>\n\n\n\n<figure class=\"wp-block-image size-full\"><img loading=\"lazy\" decoding=\"async\" width=\"600\" height=\"410\" src=\"https:\/\/www.acheterdiplome-express.org\/wp-content\/uploads\/2026\/03\/BTS-Chaudrone-1.jpeg\" alt=\"Acheter un dipl\u00f4me universitaire en ligne\" class=\"wp-image-87\" srcset=\"https:\/\/www.acheterdiplome-express.org\/wp-content\/uploads\/2026\/03\/BTS-Chaudrone-1.jpeg 600w, https:\/\/www.acheterdiplome-express.org\/wp-content\/uploads\/2026\/03\/BTS-Chaudrone-1-300x205.jpeg 300w\" sizes=\"auto, (max-width: 600px) 100vw, 600px\" \/><\/figure>\n\n\n\n<p>Cette page vous pr\u00e9sente des possibilit\u00e9s d\u2019obtention de BTS de tout type sans m\u00eame se d\u00e9placer.<\/p>\n\n\n\n<h2 class=\"wp-block-heading\"><span class=\"ez-toc-section\" id=\"Comment_avoir_votre_BTS_en_ligne_juste_en_un_clic\"><\/span>Comment avoir votre BTS en ligne juste en un clic ?<span class=\"ez-toc-section-end\"><\/span><\/h2>\n\n\n\n<p>Il vous suffit juste de nous contacter et un conseiller prendra soin de vous pendant toute la d\u00e9marche.<\/p>\n\n\n\n<p>Acheter un faux BTS en ligne (Brevet de Technicien Sup\u00e9rieur).<\/p>\n\n\n\n<p>Nous sommes une \u00e9quipe ouverte 24\/24 et 7J\/7 pour garantir votre totale satisfaction<\/p>\n\n\n\n<h2 class=\"wp-block-heading\"><span class=\"ez-toc-section\" id=\"Pourquoi_nous_choisir\"><\/span>Pourquoi nous choisir?<span class=\"ez-toc-section-end\"><\/span><\/h2>\n\n\n\n<p>Opter pour nous c&#8217;est faire le bon choix; Faites le bon choix.\u00a0Votre dipl\u00f4me\u2026<strong>Traitement rapide<\/strong><br>Recevez votre dipl\u00f4me de BTS en\u00a0moins de deux jours\u00a0apr\u00e8s validation de votre commande.\u00a0<strong>Utilisable en France et \u00e0 l\u2019\u00e9tranger<\/strong>.<\/p>\n\n\n\n<figure class=\"wp-block-image alignleft size-full is-resized\"><img loading=\"lazy\" decoding=\"async\" width=\"254\" height=\"198\" src=\"https:\/\/www.acheterdiplome-express.org\/wp-content\/uploads\/2026\/03\/images-5-1.jpg\" alt=\"\" class=\"wp-image-93\" style=\"width:347px;height:auto\"\/><\/figure>\n\n\n\n<figure class=\"wp-block-image size-full\"><img loading=\"lazy\" decoding=\"async\" width=\"612\" height=\"408\" src=\"https:\/\/www.acheterdiplome-express.org\/wp-content\/uploads\/2026\/03\/istockphoto-2175153475-612x612-1.jpg\" alt=\"Acheter un faux BTS en ligne (Brevet de Technicien Sup\u00e9rieur)\" class=\"wp-image-217\" srcset=\"https:\/\/www.acheterdiplome-express.org\/wp-content\/uploads\/2026\/03\/istockphoto-2175153475-612x612-1.jpg 612w, https:\/\/www.acheterdiplome-express.org\/wp-content\/uploads\/2026\/03\/istockphoto-2175153475-612x612-1-300x200.jpg 300w\" sizes=\"auto, (max-width: 612px) 100vw, 612px\" \/><\/figure>\n\n\n\n<p><\/p>\n\n\n\n<h2 class=\"wp-block-heading\"><span class=\"ez-toc-section\" id=\"Consultez_egalement_nos_autres_pages\"><\/span>Consultez \u00e9galement nos autres pages<span class=\"ez-toc-section-end\"><\/span><\/h2>\n\n\n\n<p>Dans le m\u00eame contexte des dipl\u00f4me que vous pouvez obtenir, consulter nos pages:<\/p>\n\n\n\n<ul class=\"wp-block-list\">\n<li><a href=\"https:\/\/www.acheterdiplome-express.org\/index.php\/acheter-un-faux-diplome-du-baccalaureat-en-ligne\/\" data-type=\"page\" data-id=\"140\">Acheter un faux dipl\u00f4me de Bac en ligne<\/a><\/li>\n\n\n\n<li><a href=\"https:\/\/www.acheterdiplome-express.org\/index.php\/acheter-un-diplome-universitaire-en-ligne\/\" data-type=\"page\" data-id=\"153\">Acheter un faux dipl\u00f4me universitaire en ligne<\/a><\/li>\n\n\n\n<li><a href=\"https:\/\/www.acheterdiplome-express.org\/index.php\/acheter-un-faux-diplome-de-licence-en-ligne\/\" data-type=\"page\" data-id=\"164\">Acheter un faux `dipl\u00f4me de Licence en ligne<\/a><\/li>\n<\/ul>\n\n\n\n<p>Nous garantissons la plus grande s\u00e9curit\u00e9 de vos informations personnelles qui sont trait\u00e9es dans la plus grande confidentialit\u00e9.<\/p>\n","protected":false},"excerpt":{"rendered":"<p>Ce qu&#8217;il faut savoir du Brevet de Technicien Sup\u00e9rieur Le&nbsp;BTS (Brevet de Technicien Sup\u00e9rieur)&nbsp;est l\u2019un des dipl\u00f4mes les plus populaires [&hellip;]<\/p>\n","protected":false},"author":1,"featured_media":0,"parent":0,"menu_order":0,"comment_status":"closed","ping_status":"closed","template":"","meta":{"site-sidebar-layout":"default","site-content-layout":"","ast-site-content-layout":"default","site-content-style":"default","site-sidebar-style":"default","ast-global-header-display":"","ast-banner-title-visibility":"","ast-main-header-display":"","ast-hfb-above-header-display":"","ast-hfb-below-header-display":"","ast-hfb-mobile-header-display":"","site-post-title":"","ast-breadcrumbs-content":"","ast-featured-img":"","footer-sml-layout":"","ast-disable-related-posts":"","theme-transparent-header-meta":"","adv-header-id-meta":"","stick-header-meta":"","header-above-stick-meta":"","header-main-stick-meta":"","header-below-stick-meta":"","astra-migrate-meta-layouts":"default","ast-page-background-enabled":"default","ast-page-background-meta":{"desktop":{"background-color":"var(--ast-global-color-5)","background-image":"","background-repeat":"repeat","background-position":"center center","background-size":"auto","background-attachment":"scroll","background-type":"","background-media":"","overlay-type":"","overlay-color":"","overlay-opacity":"","overlay-gradient":""},"tablet":{"background-color":"","background-image":"","background-repeat":"repeat","background-position":"center center","background-size":"auto","background-attachment":"scroll","background-type":"","background-media":"","overlay-type":"","overlay-color":"","overlay-opacity":"","overlay-gradient":""},"mobile":{"background-color":"","background-image":"","background-repeat":"repeat","background-position":"center center","background-size":"auto","background-attachment":"scroll","background-type":"","background-media":"","overlay-type":"","overlay-color":"","overlay-opacity":"","overlay-gradient":""}},"ast-content-background-meta":{"desktop":{"background-color":"var(--ast-global-color-4)","background-image":"","background-repeat":"repeat","background-position":"center center","background-size":"auto","background-attachment":"scroll","background-type":"","background-media":"","overlay-type":"","overlay-color":"","overlay-opacity":"","overlay-gradient":""},"tablet":{"background-color":"var(--ast-global-color-4)","background-image":"","background-repeat":"repeat","background-position":"center center","background-size":"auto","background-attachment":"scroll","background-type":"","background-media":"","overlay-type":"","overlay-color":"","overlay-opacity":"","overlay-gradient":""},"mobile":{"background-color":"var(--ast-global-color-4)","background-image":"","background-repeat":"repeat","background-position":"center center","background-size":"auto","background-attachment":"scroll","background-type":"","background-media":"","overlay-type":"","overlay-color":"","overlay-opacity":"","overlay-gradient":""}},"footnotes":""},"class_list":["post-216","page","type-page","status-publish","hentry"],"_links":{"self":[{"href":"https:\/\/www.acheterdiplome-express.org\/index.php\/wp-json\/wp\/v2\/pages\/216","targetHints":{"allow":["GET"]}}],"collection":[{"href":"https:\/\/www.acheterdiplome-express.org\/index.php\/wp-json\/wp\/v2\/pages"}],"about":[{"href":"https:\/\/www.acheterdiplome-express.org\/index.php\/wp-json\/wp\/v2\/types\/page"}],"author":[{"embeddable":true,"href":"https:\/\/www.acheterdiplome-express.org\/index.php\/wp-json\/wp\/v2\/users\/1"}],"replies":[{"embeddable":true,"href":"https:\/\/www.acheterdiplome-express.org\/index.php\/wp-json\/wp\/v2\/comments?post=216"}],"version-history":[{"count":1,"href":"https:\/\/www.acheterdiplome-express.org\/index.php\/wp-json\/wp\/v2\/pages\/216\/revisions"}],"predecessor-version":[{"id":219,"href":"https:\/\/www.acheterdiplome-express.org\/index.php\/wp-json\/wp\/v2\/pages\/216\/revisions\/219"}],"wp:attachment":[{"href":"https:\/\/www.acheterdiplome-express.org\/index.php\/wp-json\/wp\/v2\/media?parent=216"}],"curies":[{"name":"wp","href":"https:\/\/api.w.org\/{rel}","templated":true}]}}