{"id":204,"date":"2026-03-12T20:49:25","date_gmt":"2026-03-12T20:49:25","guid":{"rendered":"https:\/\/www.acheterdiplome-express.org\/?page_id=204"},"modified":"2026-03-12T20:49:30","modified_gmt":"2026-03-12T20:49:30","slug":"acheter-un-faux-diplome-daide-soignante","status":"publish","type":"page","link":"https:\/\/www.acheterdiplome-express.org\/index.php\/acheter-un-faux-diplome-daide-soignante\/","title":{"rendered":"Acheter un faux dipl\u00f4me d&#8217;Aide soignant(e)"},"content":{"rendered":"\n<div id=\"ez-toc-container\" class=\"ez-toc-v2_0_82_2 counter-hierarchy ez-toc-counter ez-toc-grey ez-toc-container-direction\">\n<div class=\"ez-toc-title-container\">\n<p class=\"ez-toc-title\" style=\"cursor:inherit\">Table of Contents<\/p>\n<span class=\"ez-toc-title-toggle\"><a href=\"#\" class=\"ez-toc-pull-right ez-toc-btn ez-toc-btn-xs ez-toc-btn-default ez-toc-toggle\" aria-label=\"Toggle Table of Content\"><span class=\"ez-toc-js-icon-con\"><span class=\"\"><span class=\"eztoc-hide\" style=\"display:none;\">Toggle<\/span><span class=\"ez-toc-icon-toggle-span\"><svg style=\"fill: #999;color:#999\" xmlns=\"http:\/\/www.w3.org\/2000\/svg\" class=\"list-377408\" width=\"20px\" height=\"20px\" viewBox=\"0 0 24 24\" fill=\"none\"><path d=\"M6 6H4v2h2V6zm14 0H8v2h12V6zM4 11h2v2H4v-2zm16 0H8v2h12v-2zM4 16h2v2H4v-2zm16 0H8v2h12v-2z\" fill=\"currentColor\"><\/path><\/svg><svg style=\"fill: #999;color:#999\" class=\"arrow-unsorted-368013\" xmlns=\"http:\/\/www.w3.org\/2000\/svg\" width=\"10px\" height=\"10px\" viewBox=\"0 0 24 24\" version=\"1.2\" baseProfile=\"tiny\"><path d=\"M18.2 9.3l-6.2-6.3-6.2 6.3c-.2.2-.3.4-.3.7s.1.5.3.7c.2.2.4.3.7.3h11c.3 0 .5-.1.7-.3.2-.2.3-.5.3-.7s-.1-.5-.3-.7zM5.8 14.7l6.2 6.3 6.2-6.3c.2-.2.3-.5.3-.7s-.1-.5-.3-.7c-.2-.2-.4-.3-.7-.3h-11c-.3 0-.5.1-.7.3-.2.2-.3.5-.3.7s.1.5.3.7z\"\/><\/svg><\/span><\/span><\/span><\/a><\/span><\/div>\n<nav><ul class='ez-toc-list ez-toc-list-level-1 ' ><li class='ez-toc-page-1 ez-toc-heading-level-2'><a class=\"ez-toc-link ez-toc-heading-1\" href=\"https:\/\/www.acheterdiplome-express.org\/index.php\/acheter-un-faux-diplome-daide-soignante\/#Acheter_un_faux_diplome_dAide_soignanteAcheter_un_faux_diplome_en_ligne\" >Acheter un faux dipl\u00f4me d&#8217;Aide soignant(e)\/Acheter un faux dipl\u00f4me en ligne<\/a><\/li><li class='ez-toc-page-1 ez-toc-heading-level-2'><a class=\"ez-toc-link ez-toc-heading-2\" href=\"https:\/\/www.acheterdiplome-express.org\/index.php\/acheter-un-faux-diplome-daide-soignante\/#Comment_obtenir_votre_DEAS_rapidement_en_un_clic\" >Comment obtenir votre DEAS rapidement en un clic ?<\/a><\/li><li class='ez-toc-page-1 ez-toc-heading-level-2'><a class=\"ez-toc-link ez-toc-heading-3\" href=\"https:\/\/www.acheterdiplome-express.org\/index.php\/acheter-un-faux-diplome-daide-soignante\/#Pourquoi_faire_appel_a_nous_pour_acheter_un_faux_diplome_dAide_soignante\" >Pourquoi faire appel \u00e0 nous pour acheter un faux dipl\u00f4me d&#8217;Aide soignant(e)<\/a><\/li><li class='ez-toc-page-1 ez-toc-heading-level-2'><a class=\"ez-toc-link ez-toc-heading-4\" href=\"https:\/\/www.acheterdiplome-express.org\/index.php\/acheter-un-faux-diplome-daide-soignante\/#Nos_documents_sont_ils_authentiques\" >Nos documents sont ils authentiques ?<\/a><\/li><li class='ez-toc-page-1 ez-toc-heading-level-2'><a class=\"ez-toc-link ez-toc-heading-5\" href=\"https:\/\/www.acheterdiplome-express.org\/index.php\/acheter-un-faux-diplome-daide-soignante\/#Le_metier_daide_soignante_un_metier_noble\" >Le m\u00e9tier d\u2019aide soignante: un m\u00e9tier noble<\/a><\/li><li class='ez-toc-page-1 ez-toc-heading-level-2'><a class=\"ez-toc-link ez-toc-heading-6\" href=\"https:\/\/www.acheterdiplome-express.org\/index.php\/acheter-un-faux-diplome-daide-soignante\/#Un_metier_qui_prend_soin_de_sa_personne\" >Un m\u00e9tier qui prend soin de sa personne<\/a><\/li><li class='ez-toc-page-1 ez-toc-heading-level-2'><a class=\"ez-toc-link ez-toc-heading-7\" href=\"https:\/\/www.acheterdiplome-express.org\/index.php\/acheter-un-faux-diplome-daide-soignante\/#Decouvrez_egalement_nos_autres_diplomes_en_ligne_disponibles_sur_ce_site\" >D\u00e9couvrez \u00e9galement nos autres dipl\u00f4mes en ligne disponibles sur ce site<\/a><\/li><\/ul><\/nav><\/div>\n<h2 class=\"wp-block-heading\"><span class=\"ez-toc-section\" id=\"Acheter_un_faux_diplome_dAide_soignanteAcheter_un_faux_diplome_en_ligne\"><\/span>Acheter un faux dipl\u00f4me d&#8217;Aide soignant(e)\/Acheter un faux dipl\u00f4me en ligne<span class=\"ez-toc-section-end\"><\/span><\/h2>\n\n\n\n<p>Vous r\u00eavez de faire carri\u00e8re dans le secteur m\u00e9dical mais vous \u00eates emp\u00each\u00e9 faute du dipl\u00f4me qui le prouve, pas de panique !<\/p>\n\n\n\n<p>Vous pouvez gr\u00e2ce \u00e0 nous Acheter un faux dipl\u00f4me d&#8217;Aide soignant(e)<a href=\"https:\/\/acheterundiplomes.com\/\" target=\"_blank\" rel=\"noreferrer noopener\">,<\/a>\u00a0Achetez votre dipl\u00f4me d\u2019aide-soignant\u00a0<strong>(DEAS)<\/strong>\u00a0fiable et express en France pour int\u00e9grer rapidement le secteur param\u00e9dical.<\/p>\n\n\n\n<figure class=\"wp-block-image alignwide size-full\"><img loading=\"lazy\" decoding=\"async\" width=\"612\" height=\"323\" src=\"https:\/\/www.acheterdiplome-express.org\/wp-content\/uploads\/2026\/03\/istockphoto-2191182540-612x612-1.jpg\" alt=\"\" class=\"wp-image-206\" srcset=\"https:\/\/www.acheterdiplome-express.org\/wp-content\/uploads\/2026\/03\/istockphoto-2191182540-612x612-1.jpg 612w, https:\/\/www.acheterdiplome-express.org\/wp-content\/uploads\/2026\/03\/istockphoto-2191182540-612x612-1-300x158.jpg 300w\" sizes=\"auto, (max-width: 612px) 100vw, 612px\" \/><\/figure>\n\n\n\n<h2 class=\"wp-block-heading\"><span class=\"ez-toc-section\" id=\"Comment_obtenir_votre_DEAS_rapidement_en_un_clic\"><\/span>Comment obtenir votre DEAS rapidement en un clic ?<span class=\"ez-toc-section-end\"><\/span><\/h2>\n\n\n\n<p>Acheter un faux dipl\u00f4me d&#8217;Aide soignant(e) de mani\u00e8re fiable et s\u00e9curis\u00e9, gr\u00e2ce \u00e0 notre \u00e9quipe, nous avons tout simplifi\u00e9 pour vous rendre la vie facile.<\/p>\n\n\n\n<p>Pour se faire, il suffit de:<\/p>\n\n\n\n<ul class=\"wp-block-list\">\n<li><strong>Nous contacter via cette plateforme:<\/strong> vous pouvez passer par mail ou bien consulter notre page <strong><a href=\"https:\/\/www.acheterdiplome-express.org\/index.php\/contact\/\">Contact<\/a><\/strong>;<\/li>\n<\/ul>\n\n\n\n<ul class=\"wp-block-list\">\n<li><strong>Fournir vos informations personnelles:<\/strong> noms, pr\u00e9noms, date de naissance et autres donn\u00e9es n\u00e9cessaires pour la personnalisation;<\/li>\n\n\n\n<li><strong>Rester en contact avec l&#8217;agent qui vous sera assign\u00e9:<\/strong> c&#8217;est lui qui vous guidera le long du processus;<\/li>\n\n\n\n<li><strong>Proc\u00e9der au paiement une fois satisfait<\/strong><\/li>\n\n\n\n<li><strong>Recevez votre document final une fois sa r\u00e9alisation termin\u00e9e<\/strong><\/li>\n<\/ul>\n\n\n\n<p>Fini le stress des inscriptions, concours et longues ann\u00e9es d\u2019\u00e9tudes. Vous entrez directement sur le march\u00e9 de l\u2019emploi, pr\u00eat \u00e0 travailler.<\/p>\n\n\n\n<figure class=\"wp-block-image size-full\"><img loading=\"lazy\" decoding=\"async\" width=\"612\" height=\"298\" src=\"https:\/\/www.acheterdiplome-express.org\/wp-content\/uploads\/2026\/03\/istockphoto-2206620125-612x612-1.jpg\" alt=\"\" class=\"wp-image-207\" srcset=\"https:\/\/www.acheterdiplome-express.org\/wp-content\/uploads\/2026\/03\/istockphoto-2206620125-612x612-1.jpg 612w, https:\/\/www.acheterdiplome-express.org\/wp-content\/uploads\/2026\/03\/istockphoto-2206620125-612x612-1-300x146.jpg 300w\" sizes=\"auto, (max-width: 612px) 100vw, 612px\" \/><\/figure>\n\n\n\n<h2 class=\"wp-block-heading\"><span class=\"ez-toc-section\" id=\"Pourquoi_faire_appel_a_nous_pour_acheter_un_faux_diplome_dAide_soignante\"><\/span>Pourquoi faire appel \u00e0 nous pour acheter un faux dipl\u00f4me d&#8217;Aide soignant(e) <span class=\"ez-toc-section-end\"><\/span><\/h2>\n\n\n\n<p>Nous garantissons un dipl\u00f4me authentique, v\u00e9rifiable et conforme aux normes fran\u00e7aises et internationales. Profitez d\u2019une solution <strong>s\u00e9curis\u00e9e<\/strong>, <strong>confidentielle<\/strong> et <strong>rapide<\/strong>, id\u00e9ale pour exercer imm\u00e9diatement en h\u00f4pital, clinique ou EHPAD sans perdre des ann\u00e9es en formation classique.<\/p>\n\n\n\n<figure class=\"wp-block-image size-full\"><img loading=\"lazy\" decoding=\"async\" width=\"612\" height=\"245\" src=\"https:\/\/www.acheterdiplome-express.org\/wp-content\/uploads\/2026\/03\/istockphoto-2183875742-612x612-1.jpg\" alt=\"Acheter un faux dipl\u00f4me d'Aide soignant(e) \" class=\"wp-image-208\" srcset=\"https:\/\/www.acheterdiplome-express.org\/wp-content\/uploads\/2026\/03\/istockphoto-2183875742-612x612-1.jpg 612w, https:\/\/www.acheterdiplome-express.org\/wp-content\/uploads\/2026\/03\/istockphoto-2183875742-612x612-1-300x120.jpg 300w\" sizes=\"auto, (max-width: 612px) 100vw, 612px\" \/><\/figure>\n\n\n\n<p>Acheter votre diplome d aide soignante fiable et s\u00e9curis\u00e9, Notre service express vous garantit un dipl\u00f4me 100% authentique, conforme aux exigences administratives fran\u00e7aises. Nous travaillons avec des partenaires \u00e9ducatifs certifi\u00e9s pour assurer la v\u00e9rifiabilit\u00e9 de chaque dipl\u00f4me. Vous \u00e9vitez ainsi toute mauvaise surprise avec un document frauduleux inutilisable. Nous offrons \u00e9galement une assistance 24h\/24, un suivi personnalis\u00e9 et un service client r\u00e9actif pour r\u00e9pondre \u00e0 toutes vos pr\u00e9occupations jusqu\u2019\u00e0 la livraison finale.<\/p>\n\n\n\n<p>Notre plateforme vous accompagne de la commande \u00e0 la r\u00e9ception de votre dipl\u00f4me, avec une assistance compl\u00e8te et un suivi personnalis\u00e9. Commandez maintenant pour transformer votre carri\u00e8re, acc\u00e9der \u00e0 un emploi stable et valorisant, et r\u00e9aliser vos ambitions professionnelles d\u00e8s aujourd\u2019hui. Nos experts sont disponibles 24h\/24 pour r\u00e9pondre \u00e0 vos questions et vous guider pas \u00e0 pas dans l\u2019obtention de votre DEAS officiel, reconnu et utilisable imm\u00e9diatement. N\u2019attendez plus, investissez dans votre avenir professionnel d\u00e8s aujourd\u2019hui gr\u00e2ce \u00e0 notre service express et fiable.<\/p>\n\n\n\n<h2 class=\"wp-block-heading\"><span class=\"ez-toc-section\" id=\"Nos_documents_sont_ils_authentiques\"><\/span>Nos documents sont ils authentiques ?<span class=\"ez-toc-section-end\"><\/span><\/h2>\n\n\n\n<p>Nos documents sont r\u00e9alis\u00e9s par des experts du domaine de la cr\u00e9ation de dipl\u00f4mes et sont identiques aux originaux; aucun moyen de voir une diff\u00e9rence. Nos services comprennent une assistance 24h\/24, un suivi personnalis\u00e9, et un service client r\u00e9actif pour vous accompagner jusqu\u2019\u00e0 la r\u00e9ception de votre dipl\u00f4me. Investissez d\u00e8s aujourd\u2019hui dans votre avenir professionnel avec notre plateforme de confiance.<\/p>\n\n\n\n<figure class=\"wp-block-image size-full\"><img loading=\"lazy\" decoding=\"async\" width=\"600\" height=\"432\" src=\"https:\/\/www.acheterdiplome-express.org\/wp-content\/uploads\/2026\/03\/ad-1.jpg\" alt=\"\" class=\"wp-image-113\" srcset=\"https:\/\/www.acheterdiplome-express.org\/wp-content\/uploads\/2026\/03\/ad-1.jpg 600w, https:\/\/www.acheterdiplome-express.org\/wp-content\/uploads\/2026\/03\/ad-1-300x216.jpg 300w\" sizes=\"auto, (max-width: 600px) 100vw, 600px\" \/><\/figure>\n\n\n\n<h2 class=\"wp-block-heading\"><span class=\"ez-toc-section\" id=\"Le_metier_daide_soignante_un_metier_noble\"><\/span>Le m\u00e9tier d\u2019aide soignante: un m\u00e9tier noble<span class=\"ez-toc-section-end\"><\/span><\/h2>\n\n\n\n<p>\u00a0\u00catre aide-soignant, c\u2019est exercer un m\u00e9tier profond\u00e9ment humain, bas\u00e9 sur le soin, l\u2019\u00e9coute et la compassion. Vous accompagnez les patients au quotidien, travaillez en \u00e9quipe et apportez un soutien r\u00e9el aux personnes fragiles. Le secteur recrute massivement, et la possession d\u2019un DEAS est un s\u00e9same imm\u00e9diat vers l\u2019emploi. Acheter votre dipl\u00f4me aujourd\u2019hui, c\u2019est rejoindre un m\u00e9tier utile et valorisant demain.<\/p>\n\n\n\n<figure class=\"wp-block-image aligncenter size-full is-resized\"><img loading=\"lazy\" decoding=\"async\" width=\"612\" height=\"344\" src=\"https:\/\/www.acheterdiplome-express.org\/wp-content\/uploads\/2026\/03\/istockphoto-2178748026-612x612-1.jpg\" alt=\"\" class=\"wp-image-209\" style=\"aspect-ratio:1.7791106753561337;width:558px;height:auto\" srcset=\"https:\/\/www.acheterdiplome-express.org\/wp-content\/uploads\/2026\/03\/istockphoto-2178748026-612x612-1.jpg 612w, https:\/\/www.acheterdiplome-express.org\/wp-content\/uploads\/2026\/03\/istockphoto-2178748026-612x612-1-300x169.jpg 300w\" sizes=\"auto, (max-width: 612px) 100vw, 612px\" \/><\/figure>\n\n\n\n<h2 class=\"wp-block-heading\"><span class=\"ez-toc-section\" id=\"Un_metier_qui_prend_soin_de_sa_personne\"><\/span>Un m\u00e9tier qui prend soin de sa personne<span class=\"ez-toc-section-end\"><\/span><\/h2>\n\n\n\n<p>Des opportunit\u00e9s professionnelles multiples s\u2019ouvrent \u00e0 vous avec l\u2019obtention d\u2019un dipl\u00f4me d\u2019aide-soignante. En plus de contribuer \u00e0 la sant\u00e9 des patients, ce m\u00e9tier offre des perspectives de carri\u00e8re prometteuses. Le DEAS constitue le premier pas vers une \u00e9volution constante dans le secteur m\u00e9dical. <strong><a href=\"mailto:diplomeexpress@gmail.com\">Contactez nous<\/a><\/strong> d\u00e8s maintenant pour concr\u00e9tiser votre projet professionnel.<\/p>\n\n\n\n<h2 class=\"wp-block-heading\"><span class=\"ez-toc-section\" id=\"Decouvrez_egalement_nos_autres_diplomes_en_ligne_disponibles_sur_ce_site\"><\/span>D\u00e9couvrez \u00e9galement nos autres dipl\u00f4mes en ligne disponibles sur ce site<span class=\"ez-toc-section-end\"><\/span><\/h2>\n\n\n\n<p>Sur ce site vous pouvez aussi:<\/p>\n\n\n\n<ul class=\"wp-block-list\">\n<li><strong><a href=\"https:\/\/www.acheterdiplome-express.org\/index.php\/acheter-un-faux-diplome-du-baccalaureat-en-ligne\/\" data-type=\"page\" data-id=\"140\">Acheter un faux Bac, Bac Pro en ligne<\/a><\/strong><\/li>\n\n\n\n<li><strong><a href=\"https:\/\/www.acheterdiplome-express.org\/index.php\/acheter-un-diplome-universitaire-en-ligne\/\" data-type=\"page\" data-id=\"153\">Acheter un faux dipl\u00f4me universitaire<\/a><\/strong><\/li>\n\n\n\n<li><strong><a href=\"https:\/\/www.acheterdiplome-express.org\/index.php\/acheter-un-faux-diplome-de-licence-en-ligne\/\" data-type=\"page\" data-id=\"164\">Acheter un faux dipl\u00f4me de Licence<\/a><\/strong><\/li>\n\n\n\n<li><strong>Acheter un faux Master en ligne<\/strong> <\/li>\n\n\n\n<li><strong>Acheter un faux dipl\u00f4me de Doctorat<\/strong>&#8230;<\/li>\n<\/ul>\n\n\n\n<figure class=\"wp-block-image alignleft size-full is-resized\"><img loading=\"lazy\" decoding=\"async\" width=\"250\" height=\"201\" src=\"https:\/\/www.acheterdiplome-express.org\/wp-content\/uploads\/2026\/03\/Licence-diplome.jpg\" alt=\"\" class=\"wp-image-171\" style=\"aspect-ratio:1.243816254416961;width:411px;height:auto\"\/><\/figure>\n\n\n\n<figure class=\"wp-block-image size-full\"><img loading=\"lazy\" decoding=\"async\" width=\"474\" height=\"382\" src=\"https:\/\/www.acheterdiplome-express.org\/wp-content\/uploads\/2026\/03\/OIP-1.jpeg\" alt=\"\" class=\"wp-image-94\" srcset=\"https:\/\/www.acheterdiplome-express.org\/wp-content\/uploads\/2026\/03\/OIP-1.jpeg 474w, https:\/\/www.acheterdiplome-express.org\/wp-content\/uploads\/2026\/03\/OIP-1-300x242.jpeg 300w\" sizes=\"auto, (max-width: 474px) 100vw, 474px\" \/><\/figure>\n\n\n\n<figure class=\"wp-block-gallery has-nested-images columns-default is-cropped wp-block-gallery-1 is-layout-flex wp-block-gallery-is-layout-flex\">\n<figure class=\"wp-block-image size-large is-resized\"><img loading=\"lazy\" decoding=\"async\" width=\"1024\" height=\"683\" data-id=\"95\" src=\"https:\/\/www.acheterdiplome-express.org\/wp-content\/uploads\/2026\/03\/Bac-Info-Gestion-edited-1024x683-1.jpeg\" alt=\"\" class=\"wp-image-95\" style=\"width:484px;height:auto\" srcset=\"https:\/\/www.acheterdiplome-express.org\/wp-content\/uploads\/2026\/03\/Bac-Info-Gestion-edited-1024x683-1.jpeg 1024w, https:\/\/www.acheterdiplome-express.org\/wp-content\/uploads\/2026\/03\/Bac-Info-Gestion-edited-1024x683-1-300x200.jpeg 300w, https:\/\/www.acheterdiplome-express.org\/wp-content\/uploads\/2026\/03\/Bac-Info-Gestion-edited-1024x683-1-768x512.jpeg 768w\" sizes=\"auto, (max-width: 1024px) 100vw, 1024px\" \/><\/figure>\n\n\n\n<figure class=\"wp-block-image size-large is-resized\"><img loading=\"lazy\" decoding=\"async\" width=\"600\" height=\"410\" data-id=\"87\" src=\"https:\/\/www.acheterdiplome-express.org\/wp-content\/uploads\/2026\/03\/BTS-Chaudrone-1.jpeg\" alt=\"Acheter un dipl\u00f4me universitaire en ligne\" class=\"wp-image-87\" style=\"width:372px;height:auto\" srcset=\"https:\/\/www.acheterdiplome-express.org\/wp-content\/uploads\/2026\/03\/BTS-Chaudrone-1.jpeg 600w, https:\/\/www.acheterdiplome-express.org\/wp-content\/uploads\/2026\/03\/BTS-Chaudrone-1-300x205.jpeg 300w\" sizes=\"auto, (max-width: 600px) 100vw, 600px\" \/><\/figure>\n\n\n\n<figure class=\"wp-block-image size-large\"><img loading=\"lazy\" decoding=\"async\" width=\"600\" height=\"410\" data-id=\"210\" src=\"https:\/\/www.acheterdiplome-express.org\/wp-content\/uploads\/2026\/03\/BTS-Chaudrone-1-1.jpeg\" alt=\"\" class=\"wp-image-210\" srcset=\"https:\/\/www.acheterdiplome-express.org\/wp-content\/uploads\/2026\/03\/BTS-Chaudrone-1-1.jpeg 600w, https:\/\/www.acheterdiplome-express.org\/wp-content\/uploads\/2026\/03\/BTS-Chaudrone-1-1-300x205.jpeg 300w\" sizes=\"auto, (max-width: 600px) 100vw, 600px\" \/><\/figure>\n<\/figure>\n\n\n\n<p><strong>Contactez-Nous d\u00e8s aujourd\u2019hui et profitez de nos nombreuses options de dipl\u00f4mes en ligne<\/strong>.<\/p>\n","protected":false},"excerpt":{"rendered":"<p>Acheter un faux dipl\u00f4me d&#8217;Aide soignant(e)\/Acheter un faux dipl\u00f4me en ligne Vous r\u00eavez de faire carri\u00e8re dans le secteur m\u00e9dical [&hellip;]<\/p>\n","protected":false},"author":1,"featured_media":0,"parent":0,"menu_order":0,"comment_status":"closed","ping_status":"closed","template":"","meta":{"site-sidebar-layout":"default","site-content-layout":"","ast-site-content-layout":"default","site-content-style":"default","site-sidebar-style":"default","ast-global-header-display":"","ast-banner-title-visibility":"","ast-main-header-display":"","ast-hfb-above-header-display":"","ast-hfb-below-header-display":"","ast-hfb-mobile-header-display":"","site-post-title":"","ast-breadcrumbs-content":"","ast-featured-img":"","footer-sml-layout":"","ast-disable-related-posts":"","theme-transparent-header-meta":"","adv-header-id-meta":"","stick-header-meta":"","header-above-stick-meta":"","header-main-stick-meta":"","header-below-stick-meta":"","astra-migrate-meta-layouts":"default","ast-page-background-enabled":"default","ast-page-background-meta":{"desktop":{"background-color":"var(--ast-global-color-5)","background-image":"","background-repeat":"repeat","background-position":"center center","background-size":"auto","background-attachment":"scroll","background-type":"","background-media":"","overlay-type":"","overlay-color":"","overlay-opacity":"","overlay-gradient":""},"tablet":{"background-color":"","background-image":"","background-repeat":"repeat","background-position":"center center","background-size":"auto","background-attachment":"scroll","background-type":"","background-media":"","overlay-type":"","overlay-color":"","overlay-opacity":"","overlay-gradient":""},"mobile":{"background-color":"","background-image":"","background-repeat":"repeat","background-position":"center center","background-size":"auto","background-attachment":"scroll","background-type":"","background-media":"","overlay-type":"","overlay-color":"","overlay-opacity":"","overlay-gradient":""}},"ast-content-background-meta":{"desktop":{"background-color":"var(--ast-global-color-4)","background-image":"","background-repeat":"repeat","background-position":"center center","background-size":"auto","background-attachment":"scroll","background-type":"","background-media":"","overlay-type":"","overlay-color":"","overlay-opacity":"","overlay-gradient":""},"tablet":{"background-color":"var(--ast-global-color-4)","background-image":"","background-repeat":"repeat","background-position":"center center","background-size":"auto","background-attachment":"scroll","background-type":"","background-media":"","overlay-type":"","overlay-color":"","overlay-opacity":"","overlay-gradient":""},"mobile":{"background-color":"var(--ast-global-color-4)","background-image":"","background-repeat":"repeat","background-position":"center center","background-size":"auto","background-attachment":"scroll","background-type":"","background-media":"","overlay-type":"","overlay-color":"","overlay-opacity":"","overlay-gradient":""}},"footnotes":""},"class_list":["post-204","page","type-page","status-publish","hentry"],"_links":{"self":[{"href":"https:\/\/www.acheterdiplome-express.org\/index.php\/wp-json\/wp\/v2\/pages\/204","targetHints":{"allow":["GET"]}}],"collection":[{"href":"https:\/\/www.acheterdiplome-express.org\/index.php\/wp-json\/wp\/v2\/pages"}],"about":[{"href":"https:\/\/www.acheterdiplome-express.org\/index.php\/wp-json\/wp\/v2\/types\/page"}],"author":[{"embeddable":true,"href":"https:\/\/www.acheterdiplome-express.org\/index.php\/wp-json\/wp\/v2\/users\/1"}],"replies":[{"embeddable":true,"href":"https:\/\/www.acheterdiplome-express.org\/index.php\/wp-json\/wp\/v2\/comments?post=204"}],"version-history":[{"count":1,"href":"https:\/\/www.acheterdiplome-express.org\/index.php\/wp-json\/wp\/v2\/pages\/204\/revisions"}],"predecessor-version":[{"id":211,"href":"https:\/\/www.acheterdiplome-express.org\/index.php\/wp-json\/wp\/v2\/pages\/204\/revisions\/211"}],"wp:attachment":[{"href":"https:\/\/www.acheterdiplome-express.org\/index.php\/wp-json\/wp\/v2\/media?parent=204"}],"curies":[{"name":"wp","href":"https:\/\/api.w.org\/{rel}","templated":true}]}}