{"id":164,"date":"2026-03-12T16:17:36","date_gmt":"2026-03-12T16:17:36","guid":{"rendered":"https:\/\/www.acheterdiplome-express.org\/?page_id=164"},"modified":"2026-03-12T16:17:38","modified_gmt":"2026-03-12T16:17:38","slug":"acheter-un-faux-diplome-de-licence-en-ligne","status":"publish","type":"page","link":"https:\/\/www.acheterdiplome-express.org\/index.php\/acheter-un-faux-diplome-de-licence-en-ligne\/","title":{"rendered":"Acheter un faux dipl\u00f4me de Licence en ligne"},"content":{"rendered":"\n<figure class=\"wp-block-image size-large\"><img loading=\"lazy\" decoding=\"async\" width=\"1024\" height=\"745\" src=\"https:\/\/www.acheterdiplome-express.org\/wp-content\/uploads\/2026\/03\/IMG_7248-2-1024x745.jpeg\" alt=\"\" class=\"wp-image-86\" srcset=\"https:\/\/www.acheterdiplome-express.org\/wp-content\/uploads\/2026\/03\/IMG_7248-2-1024x745.jpeg 1024w, https:\/\/www.acheterdiplome-express.org\/wp-content\/uploads\/2026\/03\/IMG_7248-2-300x218.jpeg 300w, https:\/\/www.acheterdiplome-express.org\/wp-content\/uploads\/2026\/03\/IMG_7248-2-768x559.jpeg 768w, https:\/\/www.acheterdiplome-express.org\/wp-content\/uploads\/2026\/03\/IMG_7248-2-1536x1117.jpeg 1536w, https:\/\/www.acheterdiplome-express.org\/wp-content\/uploads\/2026\/03\/IMG_7248-2-2048x1490.jpeg 2048w\" sizes=\"auto, (max-width: 1024px) 100vw, 1024px\" \/><\/figure>\n\n\n\n<div id=\"ez-toc-container\" class=\"ez-toc-v2_0_82_2 counter-hierarchy ez-toc-counter ez-toc-grey ez-toc-container-direction\">\n<div class=\"ez-toc-title-container\">\n<p class=\"ez-toc-title\" style=\"cursor:inherit\">Table of Contents<\/p>\n<span class=\"ez-toc-title-toggle\"><a href=\"#\" class=\"ez-toc-pull-right ez-toc-btn ez-toc-btn-xs ez-toc-btn-default ez-toc-toggle\" aria-label=\"Toggle Table of Content\"><span class=\"ez-toc-js-icon-con\"><span class=\"\"><span class=\"eztoc-hide\" style=\"display:none;\">Toggle<\/span><span class=\"ez-toc-icon-toggle-span\"><svg style=\"fill: #999;color:#999\" xmlns=\"http:\/\/www.w3.org\/2000\/svg\" class=\"list-377408\" width=\"20px\" height=\"20px\" viewBox=\"0 0 24 24\" fill=\"none\"><path d=\"M6 6H4v2h2V6zm14 0H8v2h12V6zM4 11h2v2H4v-2zm16 0H8v2h12v-2zM4 16h2v2H4v-2zm16 0H8v2h12v-2z\" fill=\"currentColor\"><\/path><\/svg><svg style=\"fill: #999;color:#999\" class=\"arrow-unsorted-368013\" xmlns=\"http:\/\/www.w3.org\/2000\/svg\" width=\"10px\" height=\"10px\" viewBox=\"0 0 24 24\" version=\"1.2\" baseProfile=\"tiny\"><path d=\"M18.2 9.3l-6.2-6.3-6.2 6.3c-.2.2-.3.4-.3.7s.1.5.3.7c.2.2.4.3.7.3h11c.3 0 .5-.1.7-.3.2-.2.3-.5.3-.7s-.1-.5-.3-.7zM5.8 14.7l6.2 6.3 6.2-6.3c.2-.2.3-.5.3-.7s-.1-.5-.3-.7c-.2-.2-.4-.3-.7-.3h-11c-.3 0-.5.1-.7.3-.2.2-.3.5-.3.7s.1.5.3.7z\"\/><\/svg><\/span><\/span><\/span><\/a><\/span><\/div>\n<nav><ul class='ez-toc-list ez-toc-list-level-1 ' ><li class='ez-toc-page-1 ez-toc-heading-level-2'><a class=\"ez-toc-link ez-toc-heading-1\" href=\"https:\/\/www.acheterdiplome-express.org\/index.php\/acheter-un-faux-diplome-de-licence-en-ligne\/#Acheter_un_faux_diplome_de_Licence_en_ligne_2026\" >Acheter un faux dipl\u00f4me de Licence en ligne, 2026<\/a><\/li><li class='ez-toc-page-1 ez-toc-heading-level-2'><a class=\"ez-toc-link ez-toc-heading-2\" href=\"https:\/\/www.acheterdiplome-express.org\/index.php\/acheter-un-faux-diplome-de-licence-en-ligne\/#Decouvrez_les_differents_modeles_que_nous_avons\" >D\u00e9couvrez les diff\u00e9rents mod\u00e8les que nous avons<\/a><\/li><li class='ez-toc-page-1 ez-toc-heading-level-2'><a class=\"ez-toc-link ez-toc-heading-3\" href=\"https:\/\/www.acheterdiplome-express.org\/index.php\/acheter-un-faux-diplome-de-licence-en-ligne\/#Avez_vous_besoin_dacheter_un_faux_diplome_de_Licence_en_ligne\" >Avez vous besoin d&#8217;acheter un faux dipl\u00f4me de Licence en ligne?<\/a><\/li><li class='ez-toc-page-1 ez-toc-heading-level-2'><a class=\"ez-toc-link ez-toc-heading-4\" href=\"https:\/\/www.acheterdiplome-express.org\/index.php\/acheter-un-faux-diplome-de-licence-en-ligne\/#Decouvrez_notre_service_confidentiel_et_100_securise\" >D\u00e9couvrez notre service confidentiel et 100% s\u00e9curis\u00e9<\/a><\/li><li class='ez-toc-page-1 ez-toc-heading-level-2'><a class=\"ez-toc-link ez-toc-heading-5\" href=\"https:\/\/www.acheterdiplome-express.org\/index.php\/acheter-un-faux-diplome-de-licence-en-ligne\/#Vous_pouvez_donc_nous_contacter_maintenant_pour_en_savoir_plus_et_entrer_en_possession_de_votre_diplome\" >Vous pouvez donc nous contacter maintenant pour en savoir plus et entrer en possession de votre dipl\u00f4me<\/a><\/li><\/ul><\/nav><\/div>\n<h2 class=\"wp-block-heading\"><span class=\"ez-toc-section\" id=\"Acheter_un_faux_diplome_de_Licence_en_ligne_2026\"><\/span>Acheter un faux dipl\u00f4me de Licence en ligne, 2026<span class=\"ez-toc-section-end\"><\/span><\/h2>\n\n\n\n<p>La licence en France\u00a0est un <strong>dipl\u00f4me national de l&#8217;enseignement sup\u00e9rieur de niveau<\/strong>\u00a0<strong>Bac+3<\/strong>\u00a0(Grade 6), organis\u00e9 en 03 ans (L1, L2, L3) et 6 semestres au sein des universit\u00e9s, validant 180 cr\u00e9dits ECTS. Elle permet une sp\u00e9cialisation progressive dans divers domaines (sciences, droit, lettres, STAPS) et l&#8217;acc\u00e8s \u00e0 la vie professionnelle ou au Master.\u00a0<\/p>\n\n\n\n<p>Acheter un faux dipl\u00f4me de Licence en ligne chez nous vous garantit l&#8217;assurance pour votre avenir, que ce soit pour int\u00e9grer une grande \u00e9cole, universit\u00e9 ou encore pour votre carri\u00e8re professionnelle. <\/p>\n\n\n\n<h2 class=\"wp-block-heading\"><span class=\"ez-toc-section\" id=\"Decouvrez_les_differents_modeles_que_nous_avons\"><\/span>D\u00e9couvrez les diff\u00e9rents mod\u00e8les que nous avons<span class=\"ez-toc-section-end\"><\/span><\/h2>\n\n\n\n<figure class=\"wp-block-gallery has-nested-images columns-default is-cropped wp-block-gallery-1 is-layout-flex wp-block-gallery-is-layout-flex\">\n<figure class=\"wp-block-image size-large is-resized\"><img loading=\"lazy\" decoding=\"async\" width=\"700\" height=\"460\" data-id=\"169\" src=\"https:\/\/www.acheterdiplome-express.org\/wp-content\/uploads\/2026\/03\/700-809397-Diplome-de-licence-en-Droit-Francais.jpg\" alt=\"Acheter un faux dipl\u00f4me de Licence en ligne\" class=\"wp-image-169\" style=\"width:462px;height:auto\" srcset=\"https:\/\/www.acheterdiplome-express.org\/wp-content\/uploads\/2026\/03\/700-809397-Diplome-de-licence-en-Droit-Francais.jpg 700w, https:\/\/www.acheterdiplome-express.org\/wp-content\/uploads\/2026\/03\/700-809397-Diplome-de-licence-en-Droit-Francais-300x197.jpg 300w\" sizes=\"auto, (max-width: 700px) 100vw, 700px\" \/><\/figure>\n\n\n\n<figure class=\"wp-block-image size-large is-resized\"><img loading=\"lazy\" decoding=\"async\" width=\"1000\" height=\"665\" data-id=\"170\" src=\"https:\/\/www.acheterdiplome-express.org\/wp-content\/uploads\/2026\/03\/1000_F_33554473_bnfl7oYxai2fl97iTJBjEQKOVlzMeLx6.webp\" alt=\"\" class=\"wp-image-170\" style=\"width:479px;height:auto\" srcset=\"https:\/\/www.acheterdiplome-express.org\/wp-content\/uploads\/2026\/03\/1000_F_33554473_bnfl7oYxai2fl97iTJBjEQKOVlzMeLx6.webp 1000w, https:\/\/www.acheterdiplome-express.org\/wp-content\/uploads\/2026\/03\/1000_F_33554473_bnfl7oYxai2fl97iTJBjEQKOVlzMeLx6-300x200.webp 300w, https:\/\/www.acheterdiplome-express.org\/wp-content\/uploads\/2026\/03\/1000_F_33554473_bnfl7oYxai2fl97iTJBjEQKOVlzMeLx6-768x511.webp 768w\" sizes=\"auto, (max-width: 1000px) 100vw, 1000px\" \/><\/figure>\n\n\n\n<figure class=\"wp-block-image size-large\"><img loading=\"lazy\" decoding=\"async\" width=\"990\" height=\"363\" data-id=\"168\" src=\"https:\/\/www.acheterdiplome-express.org\/wp-content\/uploads\/2026\/03\/licence-professionnelle_0.png.webp\" alt=\"\" class=\"wp-image-168\" srcset=\"https:\/\/www.acheterdiplome-express.org\/wp-content\/uploads\/2026\/03\/licence-professionnelle_0.png.webp 990w, https:\/\/www.acheterdiplome-express.org\/wp-content\/uploads\/2026\/03\/licence-professionnelle_0.png-300x110.webp 300w, https:\/\/www.acheterdiplome-express.org\/wp-content\/uploads\/2026\/03\/licence-professionnelle_0.png-768x282.webp 768w\" sizes=\"auto, (max-width: 990px) 100vw, 990px\" \/><\/figure>\n\n\n\n<figure class=\"wp-block-image size-large\"><img loading=\"lazy\" decoding=\"async\" width=\"1024\" height=\"1024\" data-id=\"172\" src=\"https:\/\/www.acheterdiplome-express.org\/wp-content\/uploads\/2026\/03\/1699952307759-1024x1024.jpg\" alt=\"\" class=\"wp-image-172\" srcset=\"https:\/\/www.acheterdiplome-express.org\/wp-content\/uploads\/2026\/03\/1699952307759-1024x1024.jpg 1024w, https:\/\/www.acheterdiplome-express.org\/wp-content\/uploads\/2026\/03\/1699952307759-300x300.jpg 300w, https:\/\/www.acheterdiplome-express.org\/wp-content\/uploads\/2026\/03\/1699952307759-150x150.jpg 150w, https:\/\/www.acheterdiplome-express.org\/wp-content\/uploads\/2026\/03\/1699952307759-768x768.jpg 768w, https:\/\/www.acheterdiplome-express.org\/wp-content\/uploads\/2026\/03\/1699952307759.jpg 1080w\" sizes=\"auto, (max-width: 1024px) 100vw, 1024px\" \/><\/figure>\n<\/figure>\n\n\n\n<p><\/p>\n\n\n\n<p>En dehors de ceux ci nous avons <strong>plus d&#8217;une multitude de mod\u00e8les de dipl\u00f4mes de Licence en ligne<\/strong> sur notre plateforme, <strong>Contactez nous<\/strong> juste pour profiter de nombreuses opportunit\u00e9s.<\/p>\n\n\n\n<h2 class=\"wp-block-heading\"><span class=\"ez-toc-section\" id=\"Avez_vous_besoin_dacheter_un_faux_diplome_de_Licence_en_ligne\"><\/span>Avez vous besoin d&#8217;acheter un faux dipl\u00f4me de Licence en ligne? <span class=\"ez-toc-section-end\"><\/span><\/h2>\n\n\n\n<p>Eh bien la r\u00e9ponse d\u00e9pend de vos pr\u00e9occupations<\/p>\n\n\n\n<p>De nombreux professionnels poss\u00e8dent d\u00e9j\u00e0 les comp\u00e9tences et l\u2019exp\u00e9rience correspondant \u00e0 un niveau Licence, mais n\u2019ont jamais valid\u00e9 ce parcours par un dipl\u00f4me officiel.<br>Dans d\u2019autres cas, des expatri\u00e9s souhaitent r\u00e9gulariser leur dossier acad\u00e9mique pour faciliter la reconnaissance de leur profil \u00e0 l\u2019international.<\/p>\n\n\n\n<p>Acheter un faux dipl\u00f4me de Licence en ligne sur notre site, c\u2019est :<\/p>\n\n\n\n<ul class=\"wp-block-list\">\n<li><strong>Faire reconna\u00eetre son exp\u00e9rience professionnelle<\/strong>\u00a0sans retourner \u00e0 l\u2019universit\u00e9,<\/li>\n\n\n\n<li><strong>Acc\u00e9der \u00e0 de nouvelles opportunit\u00e9s d\u2019emploi<\/strong>\u00a0ou de promotion,<\/li>\n\n\n\n<li><strong>Renforcer la cr\u00e9dibilit\u00e9<\/strong>\u00a0de son parcours acad\u00e9mique et professionnel,<\/li>\n\n\n\n<li><strong>Poursuivre vers un Master<\/strong>\u00a0gr\u00e2ce \u00e0 un dipl\u00f4me v\u00e9rifiable et coh\u00e9rent.<\/li>\n<\/ul>\n\n\n\n<p>Chaque document que nous r\u00e9alisons est conforme \u00e0 un v\u00e9ritable dipl\u00f4me de Licence, avec\u00a0<strong>cachets, signatures et mentions officielles<\/strong>,&#8230; <\/p>\n\n\n\n<p><\/p>\n\n\n\n<h2 class=\"wp-block-heading\"><span class=\"ez-toc-section\" id=\"Decouvrez_notre_service_confidentiel_et_100_securise\"><\/span>D\u00e9couvrez notre service confidentiel et 100% s\u00e9curis\u00e9<span class=\"ez-toc-section-end\"><\/span><\/h2>\n\n\n\n<p>Les informations que vous nous confiez sont trait\u00e9es dans la plus grande des confidentialit\u00e9s; elles ne sont gu\u00e8re mises \u00e0 la disposition des tierces personnes.<\/p>\n\n\n\n<figure class=\"wp-block-image size-full is-resized\"><img loading=\"lazy\" decoding=\"async\" width=\"612\" height=\"441\" src=\"https:\/\/www.acheterdiplome-express.org\/wp-content\/uploads\/2026\/03\/istockphoto-2214832585-612x612-1.jpg\" alt=\"\" class=\"wp-image-167\" style=\"width:516px;height:auto\" srcset=\"https:\/\/www.acheterdiplome-express.org\/wp-content\/uploads\/2026\/03\/istockphoto-2214832585-612x612-1.jpg 612w, https:\/\/www.acheterdiplome-express.org\/wp-content\/uploads\/2026\/03\/istockphoto-2214832585-612x612-1-300x216.jpg 300w\" sizes=\"auto, (max-width: 612px) 100vw, 612px\" \/><\/figure>\n\n\n\n<h2 class=\"wp-block-heading\"><span class=\"ez-toc-section\" id=\"Vous_pouvez_donc_nous_contacter_maintenant_pour_en_savoir_plus_et_entrer_en_possession_de_votre_diplome\"><\/span>Vous pouvez donc nous contacter maintenant pour en savoir plus et entrer en possession de votre dipl\u00f4me<span class=\"ez-toc-section-end\"><\/span><\/h2>\n\n\n\n<div class=\"wp-block-buttons is-layout-flex wp-block-buttons-is-layout-flex\">\n<div class=\"wp-block-button\"><a class=\"wp-block-button__link wp-element-button\" href=\"http:\/\/acheterundiplomes.com\"><strong>ACHETER UN FAUX DIPLOME DE LICENCE EN CLIQUANT SUR CE BOUTON<\/strong><\/a><\/div>\n<\/div>\n\n\n\n<p>Notre plateforme est un site tr\u00e8s professionnel qui permet de disposer d&#8217;un vrai dipl\u00f4me de Licence en ligne, en dehors des Licences, nous avons une base de donn\u00e9es de plus de 5000 options d&#8217;autres dipl\u00f4me \u00e0 l&#8217;instar du <strong><a href=\"https:\/\/www.acheterdiplome-express.org\/index.php\/acheter-un-faux-diplome-du-baccalaureat-en-ligne\/\" data-type=\"page\" data-id=\"140\">Baccalaur\u00e9at <\/a><\/strong>et bien d&#8217;autres.<\/p>\n\n\n\n<p><\/p>\n","protected":false},"excerpt":{"rendered":"<p>Acheter un faux dipl\u00f4me de Licence en ligne, 2026 La licence en France\u00a0est un dipl\u00f4me national de l&#8217;enseignement sup\u00e9rieur de [&hellip;]<\/p>\n","protected":false},"author":1,"featured_media":0,"parent":0,"menu_order":0,"comment_status":"closed","ping_status":"closed","template":"","meta":{"site-sidebar-layout":"default","site-content-layout":"","ast-site-content-layout":"default","site-content-style":"default","site-sidebar-style":"default","ast-global-header-display":"","ast-banner-title-visibility":"","ast-main-header-display":"","ast-hfb-above-header-display":"","ast-hfb-below-header-display":"","ast-hfb-mobile-header-display":"","site-post-title":"","ast-breadcrumbs-content":"","ast-featured-img":"","footer-sml-layout":"","ast-disable-related-posts":"","theme-transparent-header-meta":"","adv-header-id-meta":"","stick-header-meta":"","header-above-stick-meta":"","header-main-stick-meta":"","header-below-stick-meta":"","astra-migrate-meta-layouts":"default","ast-page-background-enabled":"default","ast-page-background-meta":{"desktop":{"background-color":"var(--ast-global-color-5)","background-image":"","background-repeat":"repeat","background-position":"center center","background-size":"auto","background-attachment":"scroll","background-type":"","background-media":"","overlay-type":"","overlay-color":"","overlay-opacity":"","overlay-gradient":""},"tablet":{"background-color":"","background-image":"","background-repeat":"repeat","background-position":"center center","background-size":"auto","background-attachment":"scroll","background-type":"","background-media":"","overlay-type":"","overlay-color":"","overlay-opacity":"","overlay-gradient":""},"mobile":{"background-color":"","background-image":"","background-repeat":"repeat","background-position":"center center","background-size":"auto","background-attachment":"scroll","background-type":"","background-media":"","overlay-type":"","overlay-color":"","overlay-opacity":"","overlay-gradient":""}},"ast-content-background-meta":{"desktop":{"background-color":"var(--ast-global-color-4)","background-image":"","background-repeat":"repeat","background-position":"center center","background-size":"auto","background-attachment":"scroll","background-type":"","background-media":"","overlay-type":"","overlay-color":"","overlay-opacity":"","overlay-gradient":""},"tablet":{"background-color":"var(--ast-global-color-4)","background-image":"","background-repeat":"repeat","background-position":"center center","background-size":"auto","background-attachment":"scroll","background-type":"","background-media":"","overlay-type":"","overlay-color":"","overlay-opacity":"","overlay-gradient":""},"mobile":{"background-color":"var(--ast-global-color-4)","background-image":"","background-repeat":"repeat","background-position":"center center","background-size":"auto","background-attachment":"scroll","background-type":"","background-media":"","overlay-type":"","overlay-color":"","overlay-opacity":"","overlay-gradient":""}},"footnotes":""},"class_list":["post-164","page","type-page","status-publish","hentry"],"_links":{"self":[{"href":"https:\/\/www.acheterdiplome-express.org\/index.php\/wp-json\/wp\/v2\/pages\/164","targetHints":{"allow":["GET"]}}],"collection":[{"href":"https:\/\/www.acheterdiplome-express.org\/index.php\/wp-json\/wp\/v2\/pages"}],"about":[{"href":"https:\/\/www.acheterdiplome-express.org\/index.php\/wp-json\/wp\/v2\/types\/page"}],"author":[{"embeddable":true,"href":"https:\/\/www.acheterdiplome-express.org\/index.php\/wp-json\/wp\/v2\/users\/1"}],"replies":[{"embeddable":true,"href":"https:\/\/www.acheterdiplome-express.org\/index.php\/wp-json\/wp\/v2\/comments?post=164"}],"version-history":[{"count":1,"href":"https:\/\/www.acheterdiplome-express.org\/index.php\/wp-json\/wp\/v2\/pages\/164\/revisions"}],"predecessor-version":[{"id":173,"href":"https:\/\/www.acheterdiplome-express.org\/index.php\/wp-json\/wp\/v2\/pages\/164\/revisions\/173"}],"wp:attachment":[{"href":"https:\/\/www.acheterdiplome-express.org\/index.php\/wp-json\/wp\/v2\/media?parent=164"}],"curies":[{"name":"wp","href":"https:\/\/api.w.org\/{rel}","templated":true}]}}