{"id":153,"date":"2026-03-11T18:56:29","date_gmt":"2026-03-11T18:56:29","guid":{"rendered":"https:\/\/www.acheterdiplome-express.org\/?page_id=153"},"modified":"2026-03-12T14:52:45","modified_gmt":"2026-03-12T14:52:45","slug":"acheter-un-diplome-universitaire-en-ligne","status":"publish","type":"page","link":"https:\/\/www.acheterdiplome-express.org\/index.php\/acheter-un-diplome-universitaire-en-ligne\/","title":{"rendered":"Acheter un dipl\u00f4me universitaire en ligne"},"content":{"rendered":"\n<p><strong>Acheter un dipl\u00f4me universitaire en ligne <\/strong>sans passer d&#8217;examen est d\u00e9sormais possible via notre plateforme en ligne; Obtenez un&nbsp;<strong>dipl\u00f4me universitaire (DU)<\/strong>&nbsp;propos\u00e9 par les grandes universit\u00e9s partout en France et dans plus de 100 Pays dans le monde.<\/p>\n\n\n\n<figure class=\"wp-block-image alignleft size-full is-resized\"><img loading=\"lazy\" decoding=\"async\" width=\"400\" height=\"400\" src=\"https:\/\/www.acheterdiplome-express.org\/wp-content\/uploads\/2026\/03\/1606940_f8aff.png\" alt=\"\" class=\"wp-image-154\" style=\"width:323px;height:auto\" srcset=\"https:\/\/www.acheterdiplome-express.org\/wp-content\/uploads\/2026\/03\/1606940_f8aff.png 400w, https:\/\/www.acheterdiplome-express.org\/wp-content\/uploads\/2026\/03\/1606940_f8aff-300x300.png 300w, https:\/\/www.acheterdiplome-express.org\/wp-content\/uploads\/2026\/03\/1606940_f8aff-150x150.png 150w\" sizes=\"auto, (max-width: 400px) 100vw, 400px\" \/><\/figure>\n\n\n\n<figure class=\"wp-block-image size-full is-resized\"><img loading=\"lazy\" decoding=\"async\" width=\"612\" height=\"408\" src=\"https:\/\/www.acheterdiplome-express.org\/wp-content\/uploads\/2026\/03\/istockphoto-509111434-612x612-1.jpg\" alt=\"\" class=\"wp-image-155\" style=\"width:381px;height:auto\" srcset=\"https:\/\/www.acheterdiplome-express.org\/wp-content\/uploads\/2026\/03\/istockphoto-509111434-612x612-1.jpg 612w, https:\/\/www.acheterdiplome-express.org\/wp-content\/uploads\/2026\/03\/istockphoto-509111434-612x612-1-300x200.jpg 300w\" sizes=\"auto, (max-width: 612px) 100vw, 612px\" \/><\/figure>\n\n\n\n<p><\/p>\n\n\n\n<p><\/p>\n\n\n\n<p><\/p>\n\n\n\n<p>Acheter un&nbsp;<strong>dipl\u00f4me universitaire reconnu<\/strong>&nbsp;est souvent essentiel pour progresser dans sa carri\u00e8re, valider ses comp\u00e9tences et bien d&#8217;autres; ce pourquoi nous vous&nbsp;offrons une alternative discr\u00e8te, fiable et totalement confidentielle :&nbsp;<strong>acheter un vrai dipl\u00f4me universitaire, authentique, enregistr\u00e9 et v\u00e9rifiable.<\/strong><\/p>\n\n\n\n<div id=\"ez-toc-container\" class=\"ez-toc-v2_0_82_2 counter-hierarchy ez-toc-counter ez-toc-grey ez-toc-container-direction\">\n<div class=\"ez-toc-title-container\">\n<p class=\"ez-toc-title\" style=\"cursor:inherit\">Table of Contents<\/p>\n<span class=\"ez-toc-title-toggle\"><a href=\"#\" class=\"ez-toc-pull-right ez-toc-btn ez-toc-btn-xs ez-toc-btn-default ez-toc-toggle\" aria-label=\"Toggle Table of Content\"><span class=\"ez-toc-js-icon-con\"><span class=\"\"><span class=\"eztoc-hide\" style=\"display:none;\">Toggle<\/span><span class=\"ez-toc-icon-toggle-span\"><svg style=\"fill: #999;color:#999\" xmlns=\"http:\/\/www.w3.org\/2000\/svg\" class=\"list-377408\" width=\"20px\" height=\"20px\" viewBox=\"0 0 24 24\" fill=\"none\"><path d=\"M6 6H4v2h2V6zm14 0H8v2h12V6zM4 11h2v2H4v-2zm16 0H8v2h12v-2zM4 16h2v2H4v-2zm16 0H8v2h12v-2z\" fill=\"currentColor\"><\/path><\/svg><svg style=\"fill: #999;color:#999\" class=\"arrow-unsorted-368013\" xmlns=\"http:\/\/www.w3.org\/2000\/svg\" width=\"10px\" height=\"10px\" viewBox=\"0 0 24 24\" version=\"1.2\" baseProfile=\"tiny\"><path d=\"M18.2 9.3l-6.2-6.3-6.2 6.3c-.2.2-.3.4-.3.7s.1.5.3.7c.2.2.4.3.7.3h11c.3 0 .5-.1.7-.3.2-.2.3-.5.3-.7s-.1-.5-.3-.7zM5.8 14.7l6.2 6.3 6.2-6.3c.2-.2.3-.5.3-.7s-.1-.5-.3-.7c-.2-.2-.4-.3-.7-.3h-11c-.3 0-.5.1-.7.3-.2.2-.3.5-.3.7s.1.5.3.7z\"\/><\/svg><\/span><\/span><\/span><\/a><\/span><\/div>\n<nav><ul class='ez-toc-list ez-toc-list-level-1 ' ><li class='ez-toc-page-1 ez-toc-heading-level-2'><a class=\"ez-toc-link ez-toc-heading-1\" href=\"https:\/\/www.acheterdiplome-express.org\/index.php\/acheter-un-diplome-universitaire-en-ligne\/#Nos_diplomes_respectent_tils_les_standards_Europeens\" >Nos dipl\u00f4mes respectent t&#8217;ils les standards Europ\u00e9ens ?<\/a><\/li><li class='ez-toc-page-1 ez-toc-heading-level-2'><a class=\"ez-toc-link ez-toc-heading-2\" href=\"https:\/\/www.acheterdiplome-express.org\/index.php\/acheter-un-diplome-universitaire-en-ligne\/#Pourquoi_acheter_un_diplome_universitaire_en_ligne\" >Pourquoi acheter un dipl\u00f4me universitaire en ligne ?<\/a><\/li><li class='ez-toc-page-1 ez-toc-heading-level-2'><a class=\"ez-toc-link ez-toc-heading-3\" href=\"https:\/\/www.acheterdiplome-express.org\/index.php\/acheter-un-diplome-universitaire-en-ligne\/#Notre_equipe_qui_sommes_nous\" >Notre \u00e9quipe: qui sommes nous?<\/a><\/li><li class='ez-toc-page-1 ez-toc-heading-level-2'><a class=\"ez-toc-link ez-toc-heading-4\" href=\"https:\/\/www.acheterdiplome-express.org\/index.php\/acheter-un-diplome-universitaire-en-ligne\/#Tout_ce_quil_faut_savoir_sur_lachat_dun_diplome_universitaire_en_ligne\" >Tout ce qu&#8217;il faut savoir sur l&#8217;achat d&#8217;un dipl\u00f4me universitaire en ligne<\/a><\/li><li class='ez-toc-page-1 ez-toc-heading-level-2'><a class=\"ez-toc-link ez-toc-heading-5\" href=\"https:\/\/www.acheterdiplome-express.org\/index.php\/acheter-un-diplome-universitaire-en-ligne\/#Nos_garanties\" >Nos garanties<\/a><\/li><\/ul><\/nav><\/div>\n<h2 class=\"wp-block-heading\"><span class=\"ez-toc-section\" id=\"Nos_diplomes_respectent_tils_les_standards_Europeens\"><\/span>Nos dipl\u00f4mes respectent t&#8217;ils les standards Europ\u00e9ens ?<span class=\"ez-toc-section-end\"><\/span><\/h2>\n\n\n\n<p>Nos documents sont mis en forme selon des mod\u00e8les des grandes universit\u00e9s en France, Belgique, Canada et de part le monde.<br>Chacun de nos dipl\u00f4mes respectent les normes suivantes:<\/p>\n\n\n\n<ul class=\"wp-block-list\">\n<li>le&nbsp;<strong>nom de l\u2019universit\u00e9 correspondante<\/strong>,<\/li>\n\n\n\n<li>les&nbsp;<strong>tampons officiels<\/strong> <strong>et cachets officiels,<\/strong><\/li>\n\n\n\n<li>un&nbsp;<strong>num\u00e9ro d\u2019enregistrement unique<\/strong>.<\/li>\n<\/ul>\n\n\n\n<p><strong>Acheter un dipl\u00f4me universitaire en ligne<\/strong><a href=\"http:\/\/www.education.gouv.fr\/\" target=\"_blank\" rel=\"noreferrer noopener\">,<\/a>&nbsp;est le lieu par excellence pour acqu\u00e9rir un dipl\u00f4me universitaire acad\u00e9miques authentiques parmi lesquels : une licence, un master et un doctorat PhD ainsi que des dipl\u00f4mes professionnel et des dipl\u00f4mes d\u2019Etat<a href=\"https:\/\/acheterundiplomes.com\/\">.<\/a><\/p>\n\n\n\n<figure class=\"wp-block-image alignleft size-full is-resized\"><img loading=\"lazy\" decoding=\"async\" width=\"600\" height=\"410\" src=\"https:\/\/www.acheterdiplome-express.org\/wp-content\/uploads\/2026\/03\/BTS-Chaudrone-1.jpeg\" alt=\"Acheter un dipl\u00f4me universitaire en ligne\" class=\"wp-image-87\" style=\"width:488px;height:auto\" srcset=\"https:\/\/www.acheterdiplome-express.org\/wp-content\/uploads\/2026\/03\/BTS-Chaudrone-1.jpeg 600w, https:\/\/www.acheterdiplome-express.org\/wp-content\/uploads\/2026\/03\/BTS-Chaudrone-1-300x205.jpeg 300w\" sizes=\"auto, (max-width: 600px) 100vw, 600px\" \/><\/figure>\n\n\n\n<figure class=\"wp-block-image size-full is-resized\"><img loading=\"lazy\" decoding=\"async\" width=\"600\" height=\"400\" src=\"https:\/\/www.acheterdiplome-express.org\/wp-content\/uploads\/2026\/03\/26592557cec344d5b5b242a1353cc260_L.jpg\" alt=\"\" class=\"wp-image-156\" style=\"width:487px;height:auto\" srcset=\"https:\/\/www.acheterdiplome-express.org\/wp-content\/uploads\/2026\/03\/26592557cec344d5b5b242a1353cc260_L.jpg 600w, https:\/\/www.acheterdiplome-express.org\/wp-content\/uploads\/2026\/03\/26592557cec344d5b5b242a1353cc260_L-300x200.jpg 300w\" sizes=\"auto, (max-width: 600px) 100vw, 600px\" \/><\/figure>\n\n\n\n<p><\/p>\n\n\n\n<h2 class=\"wp-block-heading\"><span class=\"ez-toc-section\" id=\"Pourquoi_acheter_un_diplome_universitaire_en_ligne\"><\/span>Pourquoi acheter un dipl\u00f4me universitaire en ligne ?<span class=\"ez-toc-section-end\"><\/span><\/h2>\n\n\n\n<p>Il est indispensable d\u2019acheter un dipl\u00f4me universitaire en ligne pour gagner du temps, nul le besoin de suivre les cours pendants plusieurs ann\u00e9es, la rapidit\u00e9 de l\u2019obtention de votre dipl\u00f4me n\u2019est plus \u00e0 pr\u00e9senter. Vous \u00eates donc \u00e9pargn\u00e9s de toute la paperasse qui va avec !<\/p>\n\n\n\n<p>Nos clients sont: des professionnels exp\u00e9riment\u00e9s, entrepreneurs, expatri\u00e9s ou \u00e9tudiants souhaitant r\u00e9gulariser leur parcours.<br>Nous comprenons que chaque demande est unique, c\u2019est pourquoi notre \u00e9quipe propose un&nbsp;<strong>accompagnement personnalis\u00e9<\/strong>&nbsp;\u00e0 chaque \u00e9tape du processus.<\/p>\n\n\n\n<p>Vous pouvez nous&nbsp;contacter&nbsp;\u00e0 tout moment par <strong><a href=\"mailto:diplomeexpress@gmail.com\">message \u00e9lectronique <\/a><\/strong>pour recevoir des informations pr\u00e9cises sur les types de dipl\u00f4mes universitaires que nous poss\u00e9dons. <\/p>\n\n\n\n<p>Votre dipl\u00f4me est accessible partout, de nouvelles opportunit\u00e9s professionnelles s\u2019ouvreront et votre satisfaction assur\u00e9e.<\/p>\n\n\n\n<figure class=\"wp-block-image size-full is-resized\"><img loading=\"lazy\" decoding=\"async\" width=\"612\" height=\"433\" src=\"https:\/\/www.acheterdiplome-express.org\/wp-content\/uploads\/2026\/03\/istockphoto-1161949895-612x612-1.jpg\" alt=\"\" class=\"wp-image-92\" style=\"aspect-ratio:1.4134300945213456;width:472px;height:auto\" srcset=\"https:\/\/www.acheterdiplome-express.org\/wp-content\/uploads\/2026\/03\/istockphoto-1161949895-612x612-1.jpg 612w, https:\/\/www.acheterdiplome-express.org\/wp-content\/uploads\/2026\/03\/istockphoto-1161949895-612x612-1-300x212.jpg 300w\" sizes=\"auto, (max-width: 612px) 100vw, 612px\" \/><\/figure>\n\n\n\n<h2 class=\"wp-block-heading\"><span class=\"ez-toc-section\" id=\"Notre_equipe_qui_sommes_nous\"><\/span>Notre \u00e9quipe: qui sommes nous?<span class=\"ez-toc-section-end\"><\/span><\/h2>\n\n\n\n<figure class=\"wp-block-image size-full is-resized\"><img loading=\"lazy\" decoding=\"async\" width=\"612\" height=\"408\" src=\"https:\/\/www.acheterdiplome-express.org\/wp-content\/uploads\/2026\/03\/istockphoto-2073485467-612x612-1.jpg\" alt=\"\" class=\"wp-image-110\" style=\"width:546px;height:auto\" srcset=\"https:\/\/www.acheterdiplome-express.org\/wp-content\/uploads\/2026\/03\/istockphoto-2073485467-612x612-1.jpg 612w, https:\/\/www.acheterdiplome-express.org\/wp-content\/uploads\/2026\/03\/istockphoto-2073485467-612x612-1-300x200.jpg 300w\" sizes=\"auto, (max-width: 612px) 100vw, 612px\" \/><\/figure>\n\n\n\n<p>Nous sommes une \u00e9quipe de professionnel rompue \u00e0 la tache depuis plus de 25 ans d\u00e9j\u00e0 afin de palier \u00e0 la demande de notre aimable client\u00e8le.<\/p>\n\n\n\n<p>Notre base donn\u00e9e contient en son sein plus de 3500 dipl\u00f4mes universitaires, en cas de besoin n\u2019h\u00e9sitez pas \u00e0 commande.<\/p>\n\n\n\n<p>Acheter un dipl\u00f4me universitaire en ligne est la solution.<\/p>\n\n\n\n<h2 class=\"wp-block-heading\"><span class=\"ez-toc-section\" id=\"Tout_ce_quil_faut_savoir_sur_lachat_dun_diplome_universitaire_en_ligne\"><\/span>Tout ce qu&#8217;il faut savoir sur l&#8217;achat d&#8217;un dipl\u00f4me universitaire en ligne<span class=\"ez-toc-section-end\"><\/span><\/h2>\n\n\n\n<p>Il y&#8217;a plusieurs points \u00e0 \u00e9claircir lorsque vous souhaitez finaliser l&#8217;achat de votre dipl\u00f4me en ligne.<\/p>\n\n\n\n<p>Beaucoup de personnes aimeraient bien malgr\u00e9 leurs comp\u00e9tences exercer dans un m\u00e9tier, entrer dans une grande \u00e9cole, universit\u00e9 mais se retrouvent but\u00e9s \u00e0 cause du manque de dipl\u00f4me qui est la r\u00e9sultante des comp\u00e9tences acquises dans les \u00e9coles de formations et Universit\u00e9s.<\/p>\n\n\n\n<p>Cette pr\u00e9occupation est d\u00e9sormais r\u00e9solue gr\u00e2ce \u00e0 nous, vous pouvez acheter un dipl\u00f4me Fran\u00e7ais en ligne sans vous soucier de la qualit\u00e9 et du service.<\/p>\n\n\n\n<p>Nous vous recommandons de consulter notre page <strong>FAQ<\/strong> (Foire \u00e0 Questions).<\/p>\n\n\n\n<figure class=\"wp-block-image alignleft size-full is-resized\"><img loading=\"lazy\" decoding=\"async\" width=\"612\" height=\"344\" src=\"https:\/\/www.acheterdiplome-express.org\/wp-content\/uploads\/2026\/03\/istockphoto-2210501953-612x612-1.jpg\" alt=\"\" class=\"wp-image-103\" style=\"aspect-ratio:1.7791765014424339;width:354px;height:auto\" srcset=\"https:\/\/www.acheterdiplome-express.org\/wp-content\/uploads\/2026\/03\/istockphoto-2210501953-612x612-1.jpg 612w, https:\/\/www.acheterdiplome-express.org\/wp-content\/uploads\/2026\/03\/istockphoto-2210501953-612x612-1-300x169.jpg 300w\" sizes=\"auto, (max-width: 612px) 100vw, 612px\" \/><\/figure>\n\n\n\n<p><\/p>\n\n\n\n<p><\/p>\n\n\n\n<p><\/p>\n\n\n\n<p><\/p>\n\n\n\n<p><\/p>\n\n\n\n<h2 class=\"wp-block-heading\"><span class=\"ez-toc-section\" id=\"Nos_garanties\"><\/span>Nos garanties<span class=\"ez-toc-section-end\"><\/span><\/h2>\n\n\n\n<p>Chaque document que nous vous d\u00e9livrons est r\u00e9alis\u00e9 avec soins \u00e0 partir de&nbsp;mod\u00e8les universitaires authentiques, respectant la structure, les mentions et les normes officielles des \u00e9tablissements d\u2019enseignement sup\u00e9rieur.<br>Notre objectif est simple : faire le plaisir de notre client\u00e8le!<\/p>\n\n\n\n<figure class=\"wp-block-image size-full\"><img loading=\"lazy\" decoding=\"async\" width=\"191\" height=\"174\" src=\"https:\/\/www.acheterdiplome-express.org\/wp-content\/uploads\/2026\/03\/iii-e1752660155649.jpg\" alt=\"\" class=\"wp-image-120\"\/><\/figure>\n\n\n\n<p>Achetez \u00e9galement des dipl\u00f4mes Fran\u00e7ais par ici;<\/p>\n\n\n\n<p><strong><a href=\"https:\/\/www.acheterdiplome-express.org\/index.php\/acheter-un-faux-diplome-du-baccalaureat-en-ligne\/\">Achetez un Baccalaur\u00e9at en ligne chez nous;<\/a><\/strong><\/p>\n\n\n\n<p><\/p>\n\n\n\n<p><\/p>\n\n\n\n<p><\/p>\n","protected":false},"excerpt":{"rendered":"<p>Acheter un dipl\u00f4me universitaire en ligne sans passer d&#8217;examen est d\u00e9sormais possible via notre plateforme en ligne; Obtenez un&nbsp;dipl\u00f4me universitaire [&hellip;]<\/p>\n","protected":false},"author":1,"featured_media":0,"parent":0,"menu_order":0,"comment_status":"closed","ping_status":"closed","template":"","meta":{"site-sidebar-layout":"default","site-content-layout":"","ast-site-content-layout":"default","site-content-style":"default","site-sidebar-style":"default","ast-global-header-display":"","ast-banner-title-visibility":"","ast-main-header-display":"","ast-hfb-above-header-display":"","ast-hfb-below-header-display":"","ast-hfb-mobile-header-display":"","site-post-title":"","ast-breadcrumbs-content":"","ast-featured-img":"","footer-sml-layout":"","ast-disable-related-posts":"","theme-transparent-header-meta":"","adv-header-id-meta":"","stick-header-meta":"","header-above-stick-meta":"","header-main-stick-meta":"","header-below-stick-meta":"","astra-migrate-meta-layouts":"default","ast-page-background-enabled":"default","ast-page-background-meta":{"desktop":{"background-color":"var(--ast-global-color-5)","background-image":"","background-repeat":"repeat","background-position":"center center","background-size":"auto","background-attachment":"scroll","background-type":"","background-media":"","overlay-type":"","overlay-color":"","overlay-opacity":"","overlay-gradient":""},"tablet":{"background-color":"","background-image":"","background-repeat":"repeat","background-position":"center center","background-size":"auto","background-attachment":"scroll","background-type":"","background-media":"","overlay-type":"","overlay-color":"","overlay-opacity":"","overlay-gradient":""},"mobile":{"background-color":"","background-image":"","background-repeat":"repeat","background-position":"center center","background-size":"auto","background-attachment":"scroll","background-type":"","background-media":"","overlay-type":"","overlay-color":"","overlay-opacity":"","overlay-gradient":""}},"ast-content-background-meta":{"desktop":{"background-color":"var(--ast-global-color-4)","background-image":"","background-repeat":"repeat","background-position":"center center","background-size":"auto","background-attachment":"scroll","background-type":"","background-media":"","overlay-type":"","overlay-color":"","overlay-opacity":"","overlay-gradient":""},"tablet":{"background-color":"var(--ast-global-color-4)","background-image":"","background-repeat":"repeat","background-position":"center center","background-size":"auto","background-attachment":"scroll","background-type":"","background-media":"","overlay-type":"","overlay-color":"","overlay-opacity":"","overlay-gradient":""},"mobile":{"background-color":"var(--ast-global-color-4)","background-image":"","background-repeat":"repeat","background-position":"center center","background-size":"auto","background-attachment":"scroll","background-type":"","background-media":"","overlay-type":"","overlay-color":"","overlay-opacity":"","overlay-gradient":""}},"footnotes":""},"class_list":["post-153","page","type-page","status-publish","hentry"],"_links":{"self":[{"href":"https:\/\/www.acheterdiplome-express.org\/index.php\/wp-json\/wp\/v2\/pages\/153","targetHints":{"allow":["GET"]}}],"collection":[{"href":"https:\/\/www.acheterdiplome-express.org\/index.php\/wp-json\/wp\/v2\/pages"}],"about":[{"href":"https:\/\/www.acheterdiplome-express.org\/index.php\/wp-json\/wp\/v2\/types\/page"}],"author":[{"embeddable":true,"href":"https:\/\/www.acheterdiplome-express.org\/index.php\/wp-json\/wp\/v2\/users\/1"}],"replies":[{"embeddable":true,"href":"https:\/\/www.acheterdiplome-express.org\/index.php\/wp-json\/wp\/v2\/comments?post=153"}],"version-history":[{"count":3,"href":"https:\/\/www.acheterdiplome-express.org\/index.php\/wp-json\/wp\/v2\/pages\/153\/revisions"}],"predecessor-version":[{"id":161,"href":"https:\/\/www.acheterdiplome-express.org\/index.php\/wp-json\/wp\/v2\/pages\/153\/revisions\/161"}],"wp:attachment":[{"href":"https:\/\/www.acheterdiplome-express.org\/index.php\/wp-json\/wp\/v2\/media?parent=153"}],"curies":[{"name":"wp","href":"https:\/\/api.w.org\/{rel}","templated":true}]}}